{"id":2127,"date":"2024-01-16T18:15:46","date_gmt":"2024-01-16T22:15:46","guid":{"rendered":"https:\/\/www.astronotas.org\/messier\/?page_id=2127"},"modified":"2024-01-27T14:46:48","modified_gmt":"2024-01-27T18:46:48","slug":"articulos-y-documentos","status":"publish","type":"page","link":"https:\/\/www.astronotas.org\/messier\/articulos-y-documentos\/","title":{"rendered":"Art\u00edculos y documentos"},"content":{"rendered":"\n<p>A continuaci\u00f3n, podr\u00e1 acceder a dos art\u00edculos relacionados con el contenido del Cat\u00e1logo Messier:<\/p>\n<ul>\n<li><a href=\"https:\/\/www.astronotas.org\/messier\/catalogo-de-messier\/\"><strong>Cuatro historias del Cat\u00e1logo de Messier<\/strong><\/a> &#8211; Panorama general del desarrollo del Cat\u00e1logo Messier y su presentaci\u00f3n en este sitio web.<\/li>\n<li><a href=\"https:\/\/www.astronotas.org\/messier\/maraton-messier\/\"><strong>Marat\u00f3n Messier<\/strong><\/a> &#8211; Art\u00edculo que presenta una actividad que celebran diferentes agrupaciones astron\u00f3micas aficionadas que giran en torno a la observaci\u00f3n de los objetos del Cat\u00e1logo Messier en una noche.<\/li>\n<\/ul>\n<h3>Ediciones del Cat\u00e1logo Messier:<\/h3>\n<p>Traducciones al espa\u00f1ol de las ediciones originales en franc\u00e9s.<\/p>\n<ol>\n<li><a href=\"https:\/\/www.astronotas.org\/messier\/1771-2\/\">Primera versi\u00f3n, 1771<\/a><\/li>\n<li><a href=\"https:\/\/www.astronotas.org\/messier\/1783-2\/\">Segunda versi\u00f3n, 1783<\/a><\/li>\n<li><a href=\"https:\/\/www.astronotas.org\/messier\/catalogo-de-messier-tercera-version-1784\/\">Tercera versi\u00f3n, 1784<\/a><\/li>\n<li><a href=\"https:\/\/www.astronotas.org\/messier\/catalogo-de-messier-cuarta-version-1787\/\">Cuarta versi\u00f3n, 1787<\/a><\/li>\n<\/ol>\n","protected":false},"excerpt":{"rendered":"<p>A continuaci\u00f3n, podr\u00e1 acceder a dos art\u00edculos relacionados con el contenido del Cat\u00e1logo Messier: Cuatro historias del Cat\u00e1logo de Messier &#8211; Panorama general del desarrollo del Cat\u00e1logo Messier y su presentaci\u00f3n en este sitio web. Marat\u00f3n Messier &#8211; Art\u00edculo que&hellip; <a href=\"https:\/\/www.astronotas.org\/messier\/articulos-y-documentos\/\" class=\"more-link\">Continue Reading <span class=\"meta-nav\">&rarr;<\/span><\/a><\/p>\n","protected":false},"author":1,"featured_media":0,"parent":0,"menu_order":0,"comment_status":"closed","ping_status":"closed","template":"","meta":{"jetpack_post_was_ever_published":false,"footnotes":""},"class_list":["post-2127","page","type-page","status-publish","hentry"],"yoast_head":"<!-- This site is optimized with the Yoast SEO plugin v27.2 - https:\/\/yoast.com\/product\/yoast-seo-wordpress\/ -->\n<title>Art\u00edculos y documentos - Cat\u00e1logo Messier<\/title>\n<meta name=\"robots\" content=\"index, follow, max-snippet:-1, max-image-preview:large, max-video-preview:-1\" \/>\n<link rel=\"canonical\" href=\"https:\/\/www.astronotas.org\/messier\/articulos-y-documentos\/\" \/>\n<meta property=\"og:locale\" content=\"en_US\" \/>\n<meta property=\"og:type\" content=\"article\" \/>\n<meta property=\"og:title\" content=\"Art\u00edculos y documentos - Cat\u00e1logo Messier\" \/>\n<meta property=\"og:description\" content=\"A continuaci\u00f3n, podr\u00e1 acceder a dos art\u00edculos relacionados con el contenido del Cat\u00e1logo Messier: Cuatro historias del Cat\u00e1logo de Messier &#8211; Panorama general del desarrollo del Cat\u00e1logo Messier y su presentaci\u00f3n en este sitio web. Marat\u00f3n Messier &#8211; Art\u00edculo que&hellip; Continue Reading &rarr;\" \/>\n<meta property=\"og:url\" content=\"https:\/\/www.astronotas.org\/messier\/articulos-y-documentos\/\" \/>\n<meta property=\"og:site_name\" content=\"Cat\u00e1logo Messier\" \/>\n<meta property=\"article:modified_time\" content=\"2024-01-27T18:46:48+00:00\" \/>\n<meta name=\"twitter:card\" content=\"summary_large_image\" \/>\n<meta name=\"twitter:label1\" content=\"Est. reading time\" \/>\n\t<meta name=\"twitter:data1\" content=\"1 minute\" \/>\n<script type=\"application\/ld+json\" class=\"yoast-schema-graph\">{\"@context\":\"https:\/\/schema.org\",\"@graph\":[{\"@type\":\"WebPage\",\"@id\":\"https:\/\/www.astronotas.org\/messier\/articulos-y-documentos\/\",\"url\":\"https:\/\/www.astronotas.org\/messier\/articulos-y-documentos\/\",\"name\":\"Art\u00edculos y documentos - Cat\u00e1logo Messier\",\"isPartOf\":{\"@id\":\"https:\/\/www.astronotas.org\/messier\/#website\"},\"datePublished\":\"2024-01-16T22:15:46+00:00\",\"dateModified\":\"2024-01-27T18:46:48+00:00\",\"breadcrumb\":{\"@id\":\"https:\/\/www.astronotas.org\/messier\/articulos-y-documentos\/#breadcrumb\"},\"inLanguage\":\"en-US\",\"potentialAction\":[{\"@type\":\"ReadAction\",\"target\":[\"https:\/\/www.astronotas.org\/messier\/articulos-y-documentos\/\"]}]},{\"@type\":\"BreadcrumbList\",\"@id\":\"https:\/\/www.astronotas.org\/messier\/articulos-y-documentos\/#breadcrumb\",\"itemListElement\":[{\"@type\":\"ListItem\",\"position\":1,\"name\":\"Inicio\",\"item\":\"https:\/\/www.astronotas.org\/messier\/\"},{\"@type\":\"ListItem\",\"position\":2,\"name\":\"Art\u00edculos y documentos\"}]},{\"@type\":\"WebSite\",\"@id\":\"https:\/\/www.astronotas.org\/messier\/#website\",\"url\":\"https:\/\/www.astronotas.org\/messier\/\",\"name\":\"Cat\u00e1logo Messier\",\"description\":\"\",\"potentialAction\":[{\"@type\":\"SearchAction\",\"target\":{\"@type\":\"EntryPoint\",\"urlTemplate\":\"https:\/\/www.astronotas.org\/messier\/?s={search_term_string}\"},\"query-input\":{\"@type\":\"PropertyValueSpecification\",\"valueRequired\":true,\"valueName\":\"search_term_string\"}}],\"inLanguage\":\"en-US\"}]}<\/script>\n<!-- \/ Yoast SEO plugin. -->","yoast_head_json":{"title":"Art\u00edculos y documentos - Cat\u00e1logo Messier","robots":{"index":"index","follow":"follow","max-snippet":"max-snippet:-1","max-image-preview":"max-image-preview:large","max-video-preview":"max-video-preview:-1"},"canonical":"https:\/\/www.astronotas.org\/messier\/articulos-y-documentos\/","og_locale":"en_US","og_type":"article","og_title":"Art\u00edculos y documentos - Cat\u00e1logo Messier","og_description":"A continuaci\u00f3n, podr\u00e1 acceder a dos art\u00edculos relacionados con el contenido del Cat\u00e1logo Messier: Cuatro historias del Cat\u00e1logo de Messier &#8211; Panorama general del desarrollo del Cat\u00e1logo Messier y su presentaci\u00f3n en este sitio web. Marat\u00f3n Messier &#8211; Art\u00edculo que&hellip; Continue Reading &rarr;","og_url":"https:\/\/www.astronotas.org\/messier\/articulos-y-documentos\/","og_site_name":"Cat\u00e1logo Messier","article_modified_time":"2024-01-27T18:46:48+00:00","twitter_card":"summary_large_image","twitter_misc":{"Est. reading time":"1 minute"},"schema":{"@context":"https:\/\/schema.org","@graph":[{"@type":"WebPage","@id":"https:\/\/www.astronotas.org\/messier\/articulos-y-documentos\/","url":"https:\/\/www.astronotas.org\/messier\/articulos-y-documentos\/","name":"Art\u00edculos y documentos - Cat\u00e1logo Messier","isPartOf":{"@id":"https:\/\/www.astronotas.org\/messier\/#website"},"datePublished":"2024-01-16T22:15:46+00:00","dateModified":"2024-01-27T18:46:48+00:00","breadcrumb":{"@id":"https:\/\/www.astronotas.org\/messier\/articulos-y-documentos\/#breadcrumb"},"inLanguage":"en-US","potentialAction":[{"@type":"ReadAction","target":["https:\/\/www.astronotas.org\/messier\/articulos-y-documentos\/"]}]},{"@type":"BreadcrumbList","@id":"https:\/\/www.astronotas.org\/messier\/articulos-y-documentos\/#breadcrumb","itemListElement":[{"@type":"ListItem","position":1,"name":"Inicio","item":"https:\/\/www.astronotas.org\/messier\/"},{"@type":"ListItem","position":2,"name":"Art\u00edculos y documentos"}]},{"@type":"WebSite","@id":"https:\/\/www.astronotas.org\/messier\/#website","url":"https:\/\/www.astronotas.org\/messier\/","name":"Cat\u00e1logo Messier","description":"","potentialAction":[{"@type":"SearchAction","target":{"@type":"EntryPoint","urlTemplate":"https:\/\/www.astronotas.org\/messier\/?s={search_term_string}"},"query-input":{"@type":"PropertyValueSpecification","valueRequired":true,"valueName":"search_term_string"}}],"inLanguage":"en-US"}]}},"jetpack_sharing_enabled":true,"jetpack_shortlink":"https:\/\/wp.me\/P77x65-yj","_links":{"self":[{"href":"https:\/\/www.astronotas.org\/messier\/wp-json\/wp\/v2\/pages\/2127","targetHints":{"allow":["GET"]}}],"collection":[{"href":"https:\/\/www.astronotas.org\/messier\/wp-json\/wp\/v2\/pages"}],"about":[{"href":"https:\/\/www.astronotas.org\/messier\/wp-json\/wp\/v2\/types\/page"}],"author":[{"embeddable":true,"href":"https:\/\/www.astronotas.org\/messier\/wp-json\/wp\/v2\/users\/1"}],"replies":[{"embeddable":true,"href":"https:\/\/www.astronotas.org\/messier\/wp-json\/wp\/v2\/comments?post=2127"}],"version-history":[{"count":3,"href":"https:\/\/www.astronotas.org\/messier\/wp-json\/wp\/v2\/pages\/2127\/revisions"}],"predecessor-version":[{"id":2133,"href":"https:\/\/www.astronotas.org\/messier\/wp-json\/wp\/v2\/pages\/2127\/revisions\/2133"}],"wp:attachment":[{"href":"https:\/\/www.astronotas.org\/messier\/wp-json\/wp\/v2\/media?parent=2127"}],"curies":[{"name":"wp","href":"https:\/\/api.w.org\/{rel}","templated":true}]}}