{"id":22,"date":"2016-01-12T22:37:52","date_gmt":"2016-01-12T22:37:52","guid":{"rendered":"http:\/\/www.astronotas.org\/messier\/?page_id=22"},"modified":"2019-11-28T19:34:42","modified_gmt":"2019-11-28T23:34:42","slug":"dedicatoria","status":"publish","type":"page","link":"https:\/\/www.astronotas.org\/messier\/dedicatoria\/","title":{"rendered":"Dedicatoria"},"content":{"rendered":"<p>Podr\u00eda ser injusto si dedicara este trabajo a una sola persona. Son muchas las que merecen la distinci\u00f3n, y lamentar\u00eda, por dem\u00e1s, no darles el reconocimiento del que son merecedores. No obstante, he decidido dedicar este trabajo a varias personas especiales (en todo el sentido de esa breve palabra) por much\u00edsimas razones \u2014tal vez tantas, que resultar\u00eda agotador enumerarlas: <b><\/b><\/p>\n<p>A don <strong>Luis A. Maura<\/strong> y su se\u00f1ora esposa, <b>Rina V\u00e1zquez de Maura<\/b>. Fueron ellos con quienes tuve mi primer contacto dentro de la Sociedad de Astronom\u00eda de Puerto Rico. Jam\u00e1s olvidar\u00e9 mi primera noche de observaci\u00f3n con el grupo (febrero de 1994, en la ciudad de Ponce, Puerto Rico). Su diligencia para con todo y todos, su dedicaci\u00f3n (al 100%) a la Sociedad y su admirable rigurosidad y organizaci\u00f3n les han convertido en unas de las personas m\u00e1s respetadas dentro de nuestra organizaci\u00f3n.<\/p>\n<p>Al <b>Dr. Jorge Iv\u00e1n Rosa Silva<\/b>, quien primero fuera mi profesor de Historia del Renacimiento Europeo en la Universidad de Puerto Rico, Recinto de R\u00edo Piedras, y luego se convirtiera en un compa\u00f1ero y amigo de inigualable calidad e inteligencia. Su amor por la navegaci\u00f3n astron\u00f3mica, a todo lo relacionado con la astronom\u00eda de observaci\u00f3n a simple vista y, muy en especial, a la astrometr\u00eda son, simplemente, inagotables y, por dem\u00e1s, admirables.<\/p>\n<p>A mis compa\u00f1eros de observaci\u00f3n, con quienes he disfrutado y compartido much\u00edsimas horas de cielos oscuros (y otros no tan oscuros), y junto a quienes pude completar este cat\u00e1logo de Messier hace, ya, varios a\u00f1os: <b>Daniel Estrella, Hugo Sillau, Bennett Gilliland, Armando Caussade y Ernesto Efra\u00edn Santiago<\/b>.<\/p>\n<p>Y finalmente, quiero expresar mi gratitud a <b>Joaqu\u00edn Garc\u00eda de la Noceda<\/b> por haber sido el primer &#8220;beta-tester&#8221; de este sitio, y por las valiosas sugerencias que me ofreci\u00f3 para hacer que su navegaci\u00f3n fuera m\u00e1s c\u00f3moda para el visitante.<\/p>\n<p><b>A todos, much\u00edsimas gracias.<\/b><\/p>\n<p>Juan Luis Mart\u00ednez<br \/>\nMartes, 22 de febrero de 2000<\/p>\n","protected":false},"excerpt":{"rendered":"<p>Podr\u00eda ser injusto si dedicara este trabajo a una sola persona. Son muchas las que merecen la distinci\u00f3n, y lamentar\u00eda, por dem\u00e1s, no darles el reconocimiento del que son merecedores. No obstante, he decidido dedicar este trabajo a varias personas&hellip; <a href=\"https:\/\/www.astronotas.org\/messier\/dedicatoria\/\" class=\"more-link\">Continue Reading <span class=\"meta-nav\">&rarr;<\/span><\/a><\/p>\n","protected":false},"author":1,"featured_media":0,"parent":0,"menu_order":0,"comment_status":"closed","ping_status":"closed","template":"","meta":{"jetpack_post_was_ever_published":false,"footnotes":""},"class_list":["post-22","page","type-page","status-publish","hentry"],"yoast_head":"<!-- This site is optimized with the Yoast SEO plugin v27.2 - https:\/\/yoast.com\/product\/yoast-seo-wordpress\/ -->\n<title>Dedicatoria - Cat\u00e1logo Messier<\/title>\n<meta name=\"robots\" content=\"index, follow, max-snippet:-1, max-image-preview:large, max-video-preview:-1\" \/>\n<link rel=\"canonical\" href=\"https:\/\/www.astronotas.org\/messier\/dedicatoria\/\" \/>\n<meta property=\"og:locale\" content=\"en_US\" \/>\n<meta property=\"og:type\" content=\"article\" \/>\n<meta property=\"og:title\" content=\"Dedicatoria - Cat\u00e1logo Messier\" \/>\n<meta property=\"og:description\" content=\"Podr\u00eda ser injusto si dedicara este trabajo a una sola persona. Son muchas las que merecen la distinci\u00f3n, y lamentar\u00eda, por dem\u00e1s, no darles el reconocimiento del que son merecedores. No obstante, he decidido dedicar este trabajo a varias personas&hellip; Continue Reading &rarr;\" \/>\n<meta property=\"og:url\" content=\"https:\/\/www.astronotas.org\/messier\/dedicatoria\/\" \/>\n<meta property=\"og:site_name\" content=\"Cat\u00e1logo Messier\" \/>\n<meta property=\"article:modified_time\" content=\"2019-11-28T23:34:42+00:00\" \/>\n<meta name=\"twitter:card\" content=\"summary_large_image\" \/>\n<meta name=\"twitter:label1\" content=\"Est. reading time\" \/>\n\t<meta name=\"twitter:data1\" content=\"2 minutes\" \/>\n<script type=\"application\/ld+json\" class=\"yoast-schema-graph\">{\"@context\":\"https:\/\/schema.org\",\"@graph\":[{\"@type\":\"WebPage\",\"@id\":\"https:\/\/www.astronotas.org\/messier\/dedicatoria\/\",\"url\":\"https:\/\/www.astronotas.org\/messier\/dedicatoria\/\",\"name\":\"Dedicatoria - Cat\u00e1logo Messier\",\"isPartOf\":{\"@id\":\"https:\/\/www.astronotas.org\/messier\/#website\"},\"datePublished\":\"2016-01-12T22:37:52+00:00\",\"dateModified\":\"2019-11-28T23:34:42+00:00\",\"breadcrumb\":{\"@id\":\"https:\/\/www.astronotas.org\/messier\/dedicatoria\/#breadcrumb\"},\"inLanguage\":\"en-US\",\"potentialAction\":[{\"@type\":\"ReadAction\",\"target\":[\"https:\/\/www.astronotas.org\/messier\/dedicatoria\/\"]}]},{\"@type\":\"BreadcrumbList\",\"@id\":\"https:\/\/www.astronotas.org\/messier\/dedicatoria\/#breadcrumb\",\"itemListElement\":[{\"@type\":\"ListItem\",\"position\":1,\"name\":\"Inicio\",\"item\":\"https:\/\/www.astronotas.org\/messier\/\"},{\"@type\":\"ListItem\",\"position\":2,\"name\":\"Dedicatoria\"}]},{\"@type\":\"WebSite\",\"@id\":\"https:\/\/www.astronotas.org\/messier\/#website\",\"url\":\"https:\/\/www.astronotas.org\/messier\/\",\"name\":\"Cat\u00e1logo Messier\",\"description\":\"\",\"potentialAction\":[{\"@type\":\"SearchAction\",\"target\":{\"@type\":\"EntryPoint\",\"urlTemplate\":\"https:\/\/www.astronotas.org\/messier\/?s={search_term_string}\"},\"query-input\":{\"@type\":\"PropertyValueSpecification\",\"valueRequired\":true,\"valueName\":\"search_term_string\"}}],\"inLanguage\":\"en-US\"}]}<\/script>\n<!-- \/ Yoast SEO plugin. -->","yoast_head_json":{"title":"Dedicatoria - Cat\u00e1logo Messier","robots":{"index":"index","follow":"follow","max-snippet":"max-snippet:-1","max-image-preview":"max-image-preview:large","max-video-preview":"max-video-preview:-1"},"canonical":"https:\/\/www.astronotas.org\/messier\/dedicatoria\/","og_locale":"en_US","og_type":"article","og_title":"Dedicatoria - Cat\u00e1logo Messier","og_description":"Podr\u00eda ser injusto si dedicara este trabajo a una sola persona. Son muchas las que merecen la distinci\u00f3n, y lamentar\u00eda, por dem\u00e1s, no darles el reconocimiento del que son merecedores. No obstante, he decidido dedicar este trabajo a varias personas&hellip; Continue Reading &rarr;","og_url":"https:\/\/www.astronotas.org\/messier\/dedicatoria\/","og_site_name":"Cat\u00e1logo Messier","article_modified_time":"2019-11-28T23:34:42+00:00","twitter_card":"summary_large_image","twitter_misc":{"Est. reading time":"2 minutes"},"schema":{"@context":"https:\/\/schema.org","@graph":[{"@type":"WebPage","@id":"https:\/\/www.astronotas.org\/messier\/dedicatoria\/","url":"https:\/\/www.astronotas.org\/messier\/dedicatoria\/","name":"Dedicatoria - Cat\u00e1logo Messier","isPartOf":{"@id":"https:\/\/www.astronotas.org\/messier\/#website"},"datePublished":"2016-01-12T22:37:52+00:00","dateModified":"2019-11-28T23:34:42+00:00","breadcrumb":{"@id":"https:\/\/www.astronotas.org\/messier\/dedicatoria\/#breadcrumb"},"inLanguage":"en-US","potentialAction":[{"@type":"ReadAction","target":["https:\/\/www.astronotas.org\/messier\/dedicatoria\/"]}]},{"@type":"BreadcrumbList","@id":"https:\/\/www.astronotas.org\/messier\/dedicatoria\/#breadcrumb","itemListElement":[{"@type":"ListItem","position":1,"name":"Inicio","item":"https:\/\/www.astronotas.org\/messier\/"},{"@type":"ListItem","position":2,"name":"Dedicatoria"}]},{"@type":"WebSite","@id":"https:\/\/www.astronotas.org\/messier\/#website","url":"https:\/\/www.astronotas.org\/messier\/","name":"Cat\u00e1logo Messier","description":"","potentialAction":[{"@type":"SearchAction","target":{"@type":"EntryPoint","urlTemplate":"https:\/\/www.astronotas.org\/messier\/?s={search_term_string}"},"query-input":{"@type":"PropertyValueSpecification","valueRequired":true,"valueName":"search_term_string"}}],"inLanguage":"en-US"}]}},"jetpack_sharing_enabled":true,"jetpack_shortlink":"https:\/\/wp.me\/P77x65-m","_links":{"self":[{"href":"https:\/\/www.astronotas.org\/messier\/wp-json\/wp\/v2\/pages\/22","targetHints":{"allow":["GET"]}}],"collection":[{"href":"https:\/\/www.astronotas.org\/messier\/wp-json\/wp\/v2\/pages"}],"about":[{"href":"https:\/\/www.astronotas.org\/messier\/wp-json\/wp\/v2\/types\/page"}],"author":[{"embeddable":true,"href":"https:\/\/www.astronotas.org\/messier\/wp-json\/wp\/v2\/users\/1"}],"replies":[{"embeddable":true,"href":"https:\/\/www.astronotas.org\/messier\/wp-json\/wp\/v2\/comments?post=22"}],"version-history":[{"count":2,"href":"https:\/\/www.astronotas.org\/messier\/wp-json\/wp\/v2\/pages\/22\/revisions"}],"predecessor-version":[{"id":1754,"href":"https:\/\/www.astronotas.org\/messier\/wp-json\/wp\/v2\/pages\/22\/revisions\/1754"}],"wp:attachment":[{"href":"https:\/\/www.astronotas.org\/messier\/wp-json\/wp\/v2\/media?parent=22"}],"curies":[{"name":"wp","href":"https:\/\/api.w.org\/{rel}","templated":true}]}}