{"id":23,"date":"2016-01-12T22:43:16","date_gmt":"2016-01-12T22:43:16","guid":{"rendered":"http:\/\/www.astronotas.org\/messier\/?page_id=23"},"modified":"2023-12-09T11:43:13","modified_gmt":"2023-12-09T15:43:13","slug":"copyright-derechos-de-autor","status":"publish","type":"page","link":"https:\/\/www.astronotas.org\/messier\/copyright-derechos-de-autor\/","title":{"rendered":"Copyright \u00a9 Derechos de Autor"},"content":{"rendered":"\n<h5 class=\"wp-block-heading\">Dibujos<\/h5>\n\n\n\n<p>Todos los dibujos de los objetos del cat\u00e1logo de Messier presentados en este trabajo son copyright \u00a9 Juan Luis Mart\u00ednez. Se permite su reproducci\u00f3n para fines estrictamente educativos. Para cualquier otro prop\u00f3sito, puede enviar un mensaje de correo electr\u00f3nico a jlmarguz arroba gmail punto com.<\/p>\n\n\n\n<h5 class=\"wp-block-heading\">Fotograf\u00edas<\/h5>\n\n\n\n<p>Las fotograf\u00edas que hemos incluido en este sitio han sido obtenidas de diversas fuentes y reproducidas bajo los permisos de cada autor. Por lo general han sido reducidas en tama\u00f1o para ajustarse al dise\u00f1o de este sitio. Se incluye un enlace a la fuente original siempre que sea posible. Dichos enlaces pueden cambiar con el tiempo y sin previo aviso, por lo que se sugiere que haga una b\u00fasqueda en internet si alguno de ellos ha dejado de funcionar y necesita localizar la fuente original. Cada foto lleva su nota correspondiente sobre autor o fuente. Tambi\u00e9n incluye un enlace a la p\u00e1gina donde se encuentra originalmente.<\/p>\n\n\n\n<ul class=\"wp-block-list\">\n<li>Hunter Wilson &#8211; <a href=\"http:\/\/hwilson.zenfolio.com\/messier\">Astrophotography &#8211; The Messier Objects<\/a><\/li>\n\n\n\n<li>John Mirtle &#8211; <a href=\"http:\/\/www.astrofoto.ca\/john\/messiers.htm\">Astrophotography &#8211; The Messier Gallery<\/a><\/li>\n\n\n\n<li>Adam Block &#8211; <a href=\"https:\/\/www.adamblockphotos.com\/\">Mt. Lemmon Sky Center, University of Arizona<\/a><\/li>\n\n\n\n<li><a href=\"http:\/\/www.sdss.org\/\">Digital Sky Survey<\/a> (recientemente a trav\u00e9s de <a href=\"http:\/\/www.wikisky.org\/\">Sky-Map.org<\/a>)<\/li>\n\n\n\n<li><a href=\"https:\/\/www.noao.edu\">National Optical Astronomy Observatory<\/a> (NOAO)<\/li>\n\n\n\n<li><a href=\"https:\/\/www.spacetelescope.org\">ESA\/Hubble<\/a>, especialmente el material que ofrece en <a href=\"https:\/\/www.nasa.gov\/content\/goddard\/hubble-s-messier-catalog#grid\">Hubble&#8217;s Messier Catalog<\/a><\/li>\n\n\n\n<li><a href=\"https:\/\/www.eso.org\/public\/images\/\">European Southern Observatory<\/a> (ESO)<\/li>\n<\/ul>\n\n\n\n<hr><p><\/p>\n\n\n\n<p class=\"has-very-light-gray-background-color has-background has-small-font-size\"><strong>Para el r\u00e9cord:<\/strong> Las fotos incluidas en el a\u00f1o 2000 no ten\u00edan nota de <em>copyright<\/em> al pie de la foto, pues todas respond\u00edan a la autorizaci\u00f3n que se reproduce en breve del <em>Digital Sky Survey<\/em>, seg\u00fan fueran sus requisitos:<br><br><i>Investigators using these scans are requested to include these acknowledgments in any publications as appropriate.<\/i><br><br>The Digitized Sky Surveys were produced at the Space Telescope Science Institute under U.S. Government grant NAG W-2166. The images of these surveys are based on photographic data obtained using the Oschin Schmidt Telescope on Palomar Mountain and the UK Schmidt Telescope. The plates were processed into the present compressed digital form with the permission of these institutions. <br><br>The National Geographic Society &#8211; Palomar Observatory Sky Atlas (POSS-I) was made by the California Institute of Technology with grants from the National Geographic Society.<br><br>The Second Palomar Observatory Sky Survey (POSS-II) was made by the California Institute of Technology with funds from the National Science Foundation, the National Geographic Society, the Sloan Foundation, the Samuel Oschin Foundation, and the Eastman Kodak Corporation.<br><br>The Oschin Schmidt Telescope is operated by the California Institute of Technology and Palomar Observatory.<br><br>The UK Schmidt Telescope was operated by the Royal Observatory Edinburgh, with funding from the UK Science and Engineering Research Council (later the UK Particle Physics and Astronomy Research Council), until 1988 June, and thereafter by the Anglo-Australian Observatory. The blue plates of the southern Sky Atlas and its Equatorial Extension (together known as the SERC-J), as well as the Equatorial Red (ER), and the Second Epoch [red] Survey (SES) were all taken with the UK Schmidt.<br><br>All data are subject to the copyright given in the copyright summary. Copyright information specific to individual plates is provided in the downloaded FITS headers.<br><br>Supplemental funding for sky-survey work at the ST ScI is provided by the European Southern Observatory.<\/p>\n\n\n","protected":false},"excerpt":{"rendered":"<p>Dibujos Todos los dibujos de los objetos del cat\u00e1logo de Messier presentados en este trabajo son copyright \u00a9 Juan Luis Mart\u00ednez. Se permite su reproducci\u00f3n para fines estrictamente educativos. Para cualquier otro prop\u00f3sito, puede enviar un mensaje de correo electr\u00f3nico&hellip; <a href=\"https:\/\/www.astronotas.org\/messier\/copyright-derechos-de-autor\/\" class=\"more-link\">Continue Reading <span class=\"meta-nav\">&rarr;<\/span><\/a><\/p>\n","protected":false},"author":1,"featured_media":0,"parent":0,"menu_order":0,"comment_status":"closed","ping_status":"closed","template":"","meta":{"jetpack_post_was_ever_published":false,"footnotes":""},"class_list":["post-23","page","type-page","status-publish","hentry"],"yoast_head":"<!-- This site is optimized with the Yoast SEO plugin v27.2 - https:\/\/yoast.com\/product\/yoast-seo-wordpress\/ -->\n<title>Copyright \u00a9 Derechos de Autor - Cat\u00e1logo Messier<\/title>\n<meta name=\"robots\" content=\"index, follow, max-snippet:-1, max-image-preview:large, max-video-preview:-1\" \/>\n<link rel=\"canonical\" href=\"https:\/\/www.astronotas.org\/messier\/copyright-derechos-de-autor\/\" \/>\n<meta property=\"og:locale\" content=\"en_US\" \/>\n<meta property=\"og:type\" content=\"article\" \/>\n<meta property=\"og:title\" content=\"Copyright \u00a9 Derechos de Autor - Cat\u00e1logo Messier\" \/>\n<meta property=\"og:description\" content=\"Dibujos Todos los dibujos de los objetos del cat\u00e1logo de Messier presentados en este trabajo son copyright \u00a9 Juan Luis Mart\u00ednez. Se permite su reproducci\u00f3n para fines estrictamente educativos. Para cualquier otro prop\u00f3sito, puede enviar un mensaje de correo electr\u00f3nico&hellip; Continue Reading &rarr;\" \/>\n<meta property=\"og:url\" content=\"https:\/\/www.astronotas.org\/messier\/copyright-derechos-de-autor\/\" \/>\n<meta property=\"og:site_name\" content=\"Cat\u00e1logo Messier\" \/>\n<meta property=\"article:modified_time\" content=\"2023-12-09T15:43:13+00:00\" \/>\n<meta name=\"twitter:card\" content=\"summary_large_image\" \/>\n<meta name=\"twitter:label1\" content=\"Est. reading time\" \/>\n\t<meta name=\"twitter:data1\" content=\"3 minutes\" \/>\n<script type=\"application\/ld+json\" class=\"yoast-schema-graph\">{\"@context\":\"https:\/\/schema.org\",\"@graph\":[{\"@type\":\"WebPage\",\"@id\":\"https:\/\/www.astronotas.org\/messier\/copyright-derechos-de-autor\/\",\"url\":\"https:\/\/www.astronotas.org\/messier\/copyright-derechos-de-autor\/\",\"name\":\"Copyright \u00a9 Derechos de Autor - Cat\u00e1logo Messier\",\"isPartOf\":{\"@id\":\"https:\/\/www.astronotas.org\/messier\/#website\"},\"datePublished\":\"2016-01-12T22:43:16+00:00\",\"dateModified\":\"2023-12-09T15:43:13+00:00\",\"breadcrumb\":{\"@id\":\"https:\/\/www.astronotas.org\/messier\/copyright-derechos-de-autor\/#breadcrumb\"},\"inLanguage\":\"en-US\",\"potentialAction\":[{\"@type\":\"ReadAction\",\"target\":[\"https:\/\/www.astronotas.org\/messier\/copyright-derechos-de-autor\/\"]}]},{\"@type\":\"BreadcrumbList\",\"@id\":\"https:\/\/www.astronotas.org\/messier\/copyright-derechos-de-autor\/#breadcrumb\",\"itemListElement\":[{\"@type\":\"ListItem\",\"position\":1,\"name\":\"Inicio\",\"item\":\"https:\/\/www.astronotas.org\/messier\/\"},{\"@type\":\"ListItem\",\"position\":2,\"name\":\"Copyright \u00a9 Derechos de Autor\"}]},{\"@type\":\"WebSite\",\"@id\":\"https:\/\/www.astronotas.org\/messier\/#website\",\"url\":\"https:\/\/www.astronotas.org\/messier\/\",\"name\":\"Cat\u00e1logo Messier\",\"description\":\"\",\"potentialAction\":[{\"@type\":\"SearchAction\",\"target\":{\"@type\":\"EntryPoint\",\"urlTemplate\":\"https:\/\/www.astronotas.org\/messier\/?s={search_term_string}\"},\"query-input\":{\"@type\":\"PropertyValueSpecification\",\"valueRequired\":true,\"valueName\":\"search_term_string\"}}],\"inLanguage\":\"en-US\"}]}<\/script>\n<!-- \/ Yoast SEO plugin. -->","yoast_head_json":{"title":"Copyright \u00a9 Derechos de Autor - Cat\u00e1logo Messier","robots":{"index":"index","follow":"follow","max-snippet":"max-snippet:-1","max-image-preview":"max-image-preview:large","max-video-preview":"max-video-preview:-1"},"canonical":"https:\/\/www.astronotas.org\/messier\/copyright-derechos-de-autor\/","og_locale":"en_US","og_type":"article","og_title":"Copyright \u00a9 Derechos de Autor - Cat\u00e1logo Messier","og_description":"Dibujos Todos los dibujos de los objetos del cat\u00e1logo de Messier presentados en este trabajo son copyright \u00a9 Juan Luis Mart\u00ednez. Se permite su reproducci\u00f3n para fines estrictamente educativos. Para cualquier otro prop\u00f3sito, puede enviar un mensaje de correo electr\u00f3nico&hellip; Continue Reading &rarr;","og_url":"https:\/\/www.astronotas.org\/messier\/copyright-derechos-de-autor\/","og_site_name":"Cat\u00e1logo Messier","article_modified_time":"2023-12-09T15:43:13+00:00","twitter_card":"summary_large_image","twitter_misc":{"Est. reading time":"3 minutes"},"schema":{"@context":"https:\/\/schema.org","@graph":[{"@type":"WebPage","@id":"https:\/\/www.astronotas.org\/messier\/copyright-derechos-de-autor\/","url":"https:\/\/www.astronotas.org\/messier\/copyright-derechos-de-autor\/","name":"Copyright \u00a9 Derechos de Autor - Cat\u00e1logo Messier","isPartOf":{"@id":"https:\/\/www.astronotas.org\/messier\/#website"},"datePublished":"2016-01-12T22:43:16+00:00","dateModified":"2023-12-09T15:43:13+00:00","breadcrumb":{"@id":"https:\/\/www.astronotas.org\/messier\/copyright-derechos-de-autor\/#breadcrumb"},"inLanguage":"en-US","potentialAction":[{"@type":"ReadAction","target":["https:\/\/www.astronotas.org\/messier\/copyright-derechos-de-autor\/"]}]},{"@type":"BreadcrumbList","@id":"https:\/\/www.astronotas.org\/messier\/copyright-derechos-de-autor\/#breadcrumb","itemListElement":[{"@type":"ListItem","position":1,"name":"Inicio","item":"https:\/\/www.astronotas.org\/messier\/"},{"@type":"ListItem","position":2,"name":"Copyright \u00a9 Derechos de Autor"}]},{"@type":"WebSite","@id":"https:\/\/www.astronotas.org\/messier\/#website","url":"https:\/\/www.astronotas.org\/messier\/","name":"Cat\u00e1logo Messier","description":"","potentialAction":[{"@type":"SearchAction","target":{"@type":"EntryPoint","urlTemplate":"https:\/\/www.astronotas.org\/messier\/?s={search_term_string}"},"query-input":{"@type":"PropertyValueSpecification","valueRequired":true,"valueName":"search_term_string"}}],"inLanguage":"en-US"}]}},"jetpack_sharing_enabled":true,"jetpack_shortlink":"https:\/\/wp.me\/P77x65-n","_links":{"self":[{"href":"https:\/\/www.astronotas.org\/messier\/wp-json\/wp\/v2\/pages\/23","targetHints":{"allow":["GET"]}}],"collection":[{"href":"https:\/\/www.astronotas.org\/messier\/wp-json\/wp\/v2\/pages"}],"about":[{"href":"https:\/\/www.astronotas.org\/messier\/wp-json\/wp\/v2\/types\/page"}],"author":[{"embeddable":true,"href":"https:\/\/www.astronotas.org\/messier\/wp-json\/wp\/v2\/users\/1"}],"replies":[{"embeddable":true,"href":"https:\/\/www.astronotas.org\/messier\/wp-json\/wp\/v2\/comments?post=23"}],"version-history":[{"count":6,"href":"https:\/\/www.astronotas.org\/messier\/wp-json\/wp\/v2\/pages\/23\/revisions"}],"predecessor-version":[{"id":2084,"href":"https:\/\/www.astronotas.org\/messier\/wp-json\/wp\/v2\/pages\/23\/revisions\/2084"}],"wp:attachment":[{"href":"https:\/\/www.astronotas.org\/messier\/wp-json\/wp\/v2\/media?parent=23"}],"curies":[{"name":"wp","href":"https:\/\/api.w.org\/{rel}","templated":true}]}}