{"id":26,"date":"2016-01-12T23:14:37","date_gmt":"2016-01-12T23:14:37","guid":{"rendered":"http:\/\/www.astronotas.org\/messier\/?page_id=26"},"modified":"2023-12-09T09:52:23","modified_gmt":"2023-12-09T13:52:23","slug":"indice","status":"publish","type":"page","link":"https:\/\/www.astronotas.org\/messier\/","title":{"rendered":"Cat\u00e1logo Messier"},"content":{"rendered":"<p>Cuando, en 1764, el astr\u00f3nomo franc\u00e9s Charles Messier decidi\u00f3 catalogar unos\u00a0objetos celestes\u00a0que\u00a0exist\u00edan entre las estrellas fijas, probablemente\u00a0lo menos que pens\u00f3\u00a0fue que llegar\u00eda a ser m\u00e1s famoso por esa labor que por haber observado\u00a0una buena cantidad\u00a0de cometas durante su vida, 13 de los cuales fueron sus propios descubrimientos. En 1771, como introducci\u00f3n a la primera versi\u00f3n de su trabajo, escrib\u00eda:<\/p>\n<blockquote><p>Varios astr\u00f3nomos han trabajado en la b\u00fasqueda de estrellas nebulosas, como Hevelius, Huygens, Derham, Halley, Cheseaux, el abad de Lacaille y, m\u00e1s recientemente, el Sr. Le Gentil. Otros astr\u00f3nomos las han descubierto por casualidad o por trabajar en la determinaci\u00f3n de la ubicaci\u00f3n de las estrellas para preparar cat\u00e1logos, u observando el curso de cometas. Varios de estos astr\u00f3nomos s\u00f3lo han indicado las constelaciones donde se encontraron sin dar las posiciones exactas y una descripci\u00f3n detallada.<\/p><\/blockquote>\n<blockquote><p>Yo emprend\u00ed esta obra en 1764, mediante la observaci\u00f3n de las que ya se conoc\u00edan, o en la b\u00fasqueda de otras que hab\u00edan escapado a los astr\u00f3nomos desde la invenci\u00f3n de los anteojos. Este trabajo, que ha sido largo y arduo, me lleva a\u00a0entregar hoy a la Academia un cat\u00e1logo m\u00e1s completo, m\u00e1s preciso y m\u00e1s detallado de las estrellas nebulosas, obra que quiz\u00e1s le faltaba a la astronom\u00eda.<\/p><\/blockquote>\n<p>El llamado <em>Cat\u00e1logo de Messier<\/em>, que la Real Academia de Ciencias public\u00f3 en su revista, por primera vez, en 1774, conten\u00eda 45 objetos, con\u00a0datos recopilados por Messier y su amigo y asistente Pierre M\u00e9chain. Otros astr\u00f3nomos, antes que ellos, hab\u00edan observado la mayor\u00eda de\u00a0estos objetos astron\u00f3micos, pero 17 eran contribuciones\u00a0originales. La lista creci\u00f3 hasta\u00a0incluir un total de 68 entradas\u00a0en su segunda edici\u00f3n, de 1783, y 103 en su tercera y m\u00e1s completa versi\u00f3n, de 1784. Una cuarta versi\u00f3n, de 1787, fue\u00a0una reimpresi\u00f3n de la edici\u00f3n\u00a0anterior, con algunos ajustes secundarios.<\/p>\n<p>En el siglo 20, distintos astr\u00f3nomos aficionados y profesionales agregaron siete objetos adicionales a la lista: M104, en 1921; M105, M106 y M107, en 1947; M108 y M109, en 1953, y M110, en 1966, para una cantidad final de 110 objetos. Este ap\u00e9ndice responde, en principio, a evidencia encontrada en apuntes de Messier y M\u00e9chain sobre observaciones realizadas posteriormente a la publicaci\u00f3n del cat\u00e1logo de 1784 y que estos expertos esperaban a\u00f1adir a otra entrega, con m\u00e1s contenido, que nunca se public\u00f3.<\/p>\n<p>Todav\u00eda hoy, esta lista resulta ser una de las mejores introducciones a la astronom\u00eda\u00a0que puede tener\u00a0el aficionado que se inicia en el estudio de esta ciencia.<\/p>\n<p>La apariencia que muestran los objetos astron\u00f3micos cuando se aprecian a trav\u00e9s de un telescopio aficionado suele ser muy distinta a la que presentan las impresionantes fotograf\u00edas captadas con equipos especializados o procesadas con software para resaltar sus caracter\u00edsticas. Normalmente, a simple vista, resultan ser de poca luminosidad, no exhiben colores detectables al ojo humano y sus tama\u00f1os aparentes son m\u00e1s peque\u00f1os de lo que esperamos. Esa, en esencia, es la realidad. Por eso me pareci\u00f3 apropiado completar esta referencia basada en dibujos que hice de los objetos del cat\u00e1logo de Messier a partir de 1991: para que el principiante sepa, de antemano, qu\u00e9 realmente podr\u00eda percibir cuando vea uno de estos objetos por primera vez. <em>\u2014 JLMG<\/em><\/p>\n<h3>Cat\u00e1logo de Messier<\/h3>\n<h4>M1 a M45 (1771)<\/h4>\n<table cellspacing=\"1\" cellpadding=\"5\">\n<tbody>\n<tr>\n<td><a href=\"http:\/\/www.astronotas.org\/messier\/m1\/\">M1<\/a><\/td>\n<td><a href=\"http:\/\/www.astronotas.org\/messier\/m2\/\">M2<\/a><\/td>\n<td><a href=\"http:\/\/www.astronotas.org\/messier\/m3\/\">M3<\/a><\/td>\n<td><a href=\"http:\/\/www.astronotas.org\/messier\/m4\/\">M4<\/a><\/td>\n<td><a href=\"http:\/\/www.astronotas.org\/messier\/m5\/\">M5<\/a><\/td>\n<td><a href=\"http:\/\/www.astronotas.org\/messier\/m6\/\">M6<\/a><\/td>\n<td><a href=\"http:\/\/www.astronotas.org\/messier\/m7\/\">M7<\/a><\/td>\n<\/tr>\n<tr>\n<td><a href=\"http:\/\/www.astronotas.org\/messier\/m8\/\">M8<\/a><\/td>\n<td><a href=\"http:\/\/www.astronotas.org\/messier\/m9\/\">M9<\/a><\/td>\n<td><a href=\"http:\/\/www.astronotas.org\/messier\/m10\/\">M10<\/a><\/td>\n<td><a href=\"http:\/\/www.astronotas.org\/messier\/m11\/\">M11<\/a><\/td>\n<td><a href=\"http:\/\/www.astronotas.org\/messier\/m12\/\">M12<\/a><\/td>\n<td><a href=\"http:\/\/www.astronotas.org\/messier\/m13\/\">M13<\/a><\/td>\n<td><a href=\"http:\/\/www.astronotas.org\/messier\/m14\/\">M14<\/a><\/td>\n<\/tr>\n<tr>\n<td><a href=\"http:\/\/www.astronotas.org\/messier\/m15\/\">M15<\/a><\/td>\n<td><a href=\"http:\/\/www.astronotas.org\/messier\/m16\/\">M16<\/a><\/td>\n<td><a href=\"http:\/\/www.astronotas.org\/messier\/m17\/\">M17<\/a><\/td>\n<td><a href=\"http:\/\/www.astronotas.org\/messier\/m18\/\">M18<\/a><\/td>\n<td><a href=\"http:\/\/www.astronotas.org\/messier\/m19\/\">M19<\/a><\/td>\n<td><a href=\"http:\/\/www.astronotas.org\/messier\/m20\/\">M20<\/a><\/td>\n<td><a href=\"http:\/\/www.astronotas.org\/messier\/m21\/\">M21<\/a><\/td>\n<\/tr>\n<tr>\n<td><a href=\"http:\/\/www.astronotas.org\/messier\/m22\/\">M22<\/a><\/td>\n<td><a href=\"http:\/\/www.astronotas.org\/messier\/messier-23\/\">M23<\/a><\/td>\n<td><a href=\"http:\/\/www.astronotas.org\/messier\/m24-2\/\">M24<\/a><\/td>\n<td><a href=\"http:\/\/www.astronotas.org\/messier\/m25\/\">M25<\/a><\/td>\n<td><a href=\"http:\/\/www.astronotas.org\/messier\/m26\/\">M26<\/a><\/td>\n<td><a href=\"http:\/\/www.astronotas.org\/messier\/m27\/\">M27<\/a><\/td>\n<td><a href=\"http:\/\/www.astronotas.org\/messier\/m28\/\">M28<\/a><\/td>\n<\/tr>\n<tr>\n<td><a href=\"http:\/\/www.astronotas.org\/messier\/m29\/\">M29<\/a><\/td>\n<td><a href=\"http:\/\/www.astronotas.org\/messier\/m30\/\">M30<\/a><\/td>\n<td><a href=\"http:\/\/www.astronotas.org\/messier\/m31\/\">M31<\/a><\/td>\n<td><a href=\"http:\/\/www.astronotas.org\/messier\/m32\/\">M32<\/a><\/td>\n<td><a href=\"http:\/\/www.astronotas.org\/messier\/m33\/\">M33<\/a><\/td>\n<td><a href=\"http:\/\/www.astronotas.org\/messier\/m34\/\">M34<\/a><\/td>\n<td><a href=\"http:\/\/www.astronotas.org\/messier\/m35\/\">M35<\/a><\/td>\n<\/tr>\n<tr>\n<td><a href=\"http:\/\/www.astronotas.org\/messier\/m36\/\">M36<\/a><\/td>\n<td><a href=\"http:\/\/www.astronotas.org\/messier\/m37\/\">M37<\/a><\/td>\n<td><a href=\"http:\/\/www.astronotas.org\/messier\/m38\/\">M38<\/a><\/td>\n<td><a href=\"http:\/\/www.astronotas.org\/messier\/m39\/\">M39<\/a><\/td>\n<td><a href=\"http:\/\/www.astronotas.org\/messier\/m40\/\">M40<\/a><\/td>\n<td><a href=\"http:\/\/www.astronotas.org\/messier\/m41\/\">M41<\/a><\/td>\n<td><a href=\"http:\/\/www.astronotas.org\/messier\/m42\/\">M42<\/a><\/td>\n<\/tr>\n<tr>\n<td><a href=\"http:\/\/www.astronotas.org\/messier\/m43\/\">M43<\/a><\/td>\n<td><a href=\"http:\/\/www.astronotas.org\/messier\/m44\/\">M44<\/a><\/td>\n<td><a href=\"http:\/\/www.astronotas.org\/messier\/m45\/\">M45<\/a><\/td>\n<td><\/td>\n<td><\/td>\n<td><\/td>\n<td><\/td>\n<\/tr>\n<\/tbody>\n<\/table>\n<h4>M45\u00a0a M68 (1783)<\/h4>\n<table cellspacing=\"1\" cellpadding=\"5\">\n<tbody>\n<tr>\n<td><a href=\"http:\/\/www.astronotas.org\/messier\/m46\/\">M46<\/a><\/td>\n<td><a href=\"http:\/\/www.astronotas.org\/messier\/m47\/\">M47<\/a><\/td>\n<td><a href=\"http:\/\/www.astronotas.org\/messier\/m48\/\">M48<\/a><\/td>\n<td><a href=\"http:\/\/www.astronotas.org\/messier\/messier-49\/\">M49<\/a><\/td>\n<td><a href=\"http:\/\/www.astronotas.org\/messier\/messier-50\/\">M50<\/a><\/td>\n<td><a href=\"http:\/\/www.astronotas.org\/messier\/messier-51\/\">M51<\/a><\/td>\n<td><a href=\"http:\/\/www.astronotas.org\/messier\/messier-52\/\">M52<\/a><\/td>\n<\/tr>\n<tr>\n<td><a href=\"http:\/\/www.astronotas.org\/messier\/messier-53\/\">M53<\/a><\/td>\n<td><a href=\"http:\/\/www.astronotas.org\/messier\/messier-54\/\">M54<\/a><\/td>\n<td><a href=\"http:\/\/www.astronotas.org\/messier\/m55\/\">M55<\/a><\/td>\n<td><a href=\"http:\/\/www.astronotas.org\/messier\/m56\/\">M56<\/a><\/td>\n<td><a href=\"http:\/\/www.astronotas.org\/messier\/m57\/\">M57<\/a><\/td>\n<td><a href=\"http:\/\/www.astronotas.org\/messier\/m58\/\">M58<\/a><\/td>\n<td><a href=\"http:\/\/www.astronotas.org\/messier\/m59\/\">M59<\/a><\/td>\n<\/tr>\n<tr>\n<td><a href=\"http:\/\/www.astronotas.org\/messier\/m60\/\">M60<\/a><\/td>\n<td><a href=\"http:\/\/www.astronotas.org\/messier\/m61\/\">M61<\/a><\/td>\n<td><a href=\"http:\/\/www.astronotas.org\/messier\/m62\/\">M62<\/a><\/td>\n<td><a href=\"http:\/\/www.astronotas.org\/messier\/m63\/\">M63<\/a><\/td>\n<td><a href=\"http:\/\/www.astronotas.org\/messier\/m64\/\">M64<\/a><\/td>\n<td><a href=\"http:\/\/www.astronotas.org\/messier\/m65\/\">M65<\/a><\/td>\n<td><a href=\"http:\/\/www.astronotas.org\/messier\/m66\/\">M66<\/a><\/td>\n<\/tr>\n<tr>\n<td><a href=\"http:\/\/www.astronotas.org\/messier\/m67\/\">M67<\/a><\/td>\n<td><a href=\"http:\/\/www.astronotas.org\/messier\/m68\/\">M68<\/a><\/td>\n<td><\/td>\n<td><\/td>\n<td><\/td>\n<td><\/td>\n<td><\/td>\n<\/tr>\n<\/tbody>\n<\/table>\n<h4>M69 a M103 (1784)<\/h4>\n<table cellspacing=\"1\" cellpadding=\"5\">\n<tbody>\n<tr>\n<td><a href=\"http:\/\/www.astronotas.org\/messier\/m69\/\">M69<\/a><\/td>\n<td><a href=\"http:\/\/www.astronotas.org\/messier\/m70\/\">M70<\/a><\/td>\n<td><a href=\"http:\/\/www.astronotas.org\/messier\/m71\/\">M71<\/a><\/td>\n<td><a href=\"http:\/\/www.astronotas.org\/messier\/m72\/\">M72<\/a><\/td>\n<td><a href=\"http:\/\/www.astronotas.org\/messier\/m73\/\">M73<\/a><\/td>\n<td><a href=\"http:\/\/www.astronotas.org\/messier\/m74\/\">M74<\/a><\/td>\n<td><a href=\"http:\/\/www.astronotas.org\/messier\/m75\/\">M75<\/a><\/td>\n<\/tr>\n<tr>\n<td><a href=\"http:\/\/www.astronotas.org\/messier\/m76\/\">M76<\/a><\/td>\n<td><a href=\"http:\/\/www.astronotas.org\/messier\/m77\/\">M77<\/a><\/td>\n<td><a href=\"http:\/\/www.astronotas.org\/messier\/m78\/\">M78<\/a><\/td>\n<td><a href=\"http:\/\/www.astronotas.org\/messier\/m79\/\">M79<\/a><\/td>\n<td><a href=\"http:\/\/www.astronotas.org\/messier\/m80\/\">M80<\/a><\/td>\n<td><a href=\"http:\/\/www.astronotas.org\/messier\/m81\/\">M81<\/a><\/td>\n<td><a href=\"http:\/\/www.astronotas.org\/messier\/m82\/\">M82<\/a><\/td>\n<\/tr>\n<tr>\n<td><a href=\"http:\/\/www.astronotas.org\/messier\/m83\/\">M83<\/a><\/td>\n<td><a href=\"http:\/\/www.astronotas.org\/messier\/m84\/\">M84<\/a><\/td>\n<td><a href=\"http:\/\/www.astronotas.org\/messier\/m85\/\">M85<\/a><\/td>\n<td><a href=\"http:\/\/www.astronotas.org\/messier\/m86\/\">M86<\/a><\/td>\n<td><a href=\"http:\/\/www.astronotas.org\/messier\/m87\/\">M87<\/a><\/td>\n<td><a href=\"http:\/\/www.astronotas.org\/messier\/m88\/\">M88<\/a><\/td>\n<td><a href=\"http:\/\/www.astronotas.org\/messier\/m89\/\">M89<\/a><\/td>\n<\/tr>\n<tr>\n<td><a href=\"http:\/\/www.astronotas.org\/messier\/m90\/\">M90<\/a><\/td>\n<td><a href=\"http:\/\/www.astronotas.org\/messier\/m91\/\">M91<\/a><\/td>\n<td><a href=\"http:\/\/www.astronotas.org\/messier\/m92\/\">M92<\/a><\/td>\n<td><a href=\"http:\/\/www.astronotas.org\/messier\/m93\/\">M93<\/a><\/td>\n<td><a href=\"http:\/\/www.astronotas.org\/messier\/m94\/\">M94<\/a><\/td>\n<td><a href=\"http:\/\/www.astronotas.org\/messier\/m95\/\">M95<\/a><\/td>\n<td><a href=\"http:\/\/www.astronotas.org\/messier\/m96\/\">M96<\/a><\/td>\n<\/tr>\n<tr>\n<td><a href=\"http:\/\/www.astronotas.org\/messier\/m97\/\">M97<\/a><\/td>\n<td><a href=\"http:\/\/www.astronotas.org\/messier\/m98\/\">M98<\/a><\/td>\n<td><a href=\"http:\/\/www.astronotas.org\/messier\/m99\/\">M99<\/a><\/td>\n<td><a href=\"http:\/\/www.astronotas.org\/messier\/m100\/\">M100<\/a><\/td>\n<td><a href=\"http:\/\/www.astronotas.org\/messier\/m101\/\">M101<\/a><\/td>\n<td><a href=\"http:\/\/www.astronotas.org\/messier\/m102\/\">M102<\/a><\/td>\n<td><a href=\"http:\/\/www.astronotas.org\/messier\/m103\/\">M103<\/a><\/td>\n<\/tr>\n<\/tbody>\n<\/table>\n<h4>M104 a M110 (siglo 20)<\/h4>\n<table cellspacing=\"1\" cellpadding=\"5\">\n<tbody>\n<tr>\n<td><a href=\"http:\/\/www.astronotas.org\/messier\/m104\/\">M104<\/a><\/td>\n<td><a href=\"http:\/\/www.astronotas.org\/messier\/m105\/\">M105<\/a><\/td>\n<td><a href=\"http:\/\/www.astronotas.org\/messier\/m106\/\">M106<\/a><\/td>\n<td><a href=\"http:\/\/www.astronotas.org\/messier\/m107\/\">M107<\/a><\/td>\n<td><a href=\"http:\/\/www.astronotas.org\/messier\/m108\/\">M108<\/a><\/td>\n<td><a href=\"http:\/\/www.astronotas.org\/messier\/m109\/\">M109<\/a><\/td>\n<td><a href=\"http:\/\/www.astronotas.org\/messier\/m110\/\">M110<\/a><\/td>\n<\/tr>\n<\/tbody>\n<\/table>\n<p>Si prefiere consultar un \u00edndice gr\u00e1fico <a href=\"http:\/\/www.astronotas.org\/messier\/indice-grafico\/\">PULSE AQU\u00cd.<\/a><\/p>\n<hr \/>\n<h4>Historia, Cat\u00e1logo v.2<\/h4>\n<p>La primera versi\u00f3n en l\u00ednea de este Cat\u00e1logo de Messier fue inaugurada al comienzo del nuevo milenio\u00a0(febrero de 2000). Dise\u00f1ada en HTML, conten\u00eda la misma informaci\u00f3n para cada objeto que aparece en esta otra. No obstante, dadas las limitaciones de la tecnolog\u00eda disponible en aquel momento, carec\u00eda de la funcionalidad que ahora es posible alcanzar gracias a los m\u00e1s recientes sistemas de manejo de contenidos. En febrero de 2016, el Cat\u00e1logo se transport\u00f3 a estas nuevas herramientas. Ahora toma en cuenta los dispositivos port\u00e1tiles que dominan las comunicaciones en el presente. Por ello, esta nueva versi\u00f3n\u00a0est\u00e1 pensada para consultarse en\u00a0tel\u00e9fonos inteligentes, tabletas, PDAs,\u00a0computadoras port\u00e1tiles y artefactos\u00a0similares.<\/p>\n<p>En 2016, tambi\u00e9n se\u00a0examinaron las versiones del Cat\u00e1logo de Messier publicadas en el siglo XVIII. Se ofrece, por ello, un estudio descriptivo introductorio a las obras y traducciones al espa\u00f1ol hechas a partir de\u00a0las ediciones originales\u00a0en franc\u00e9s. Asimismo, se han incorporado algunas fotograf\u00edas m\u00e1s recientes, que han sustituido a las\u00a0publicadas en el a\u00f1o 2000 (entonces, mayormente en blanco y negro). Similarmente, se han actualizado los enlaces a otras fuentes, tanto en la secci\u00f3n de Enlaces, como en\u00a0las p\u00e1ginas en las que se ofrece informaci\u00f3n de cada objeto.<\/p>\n<p>Despu\u00e9s de algunas interrupciones en el proceso de actualiazaci\u00f3n, se complet\u00f3 nuevamente el cat\u00e1logo en su totalidad el 28 de noviembre de 2019. Se a\u00f1adieron, adem\u00e1s, comentarios de Pierre M\u00e9chain a los objetos M102, M104-M110.<\/p>\n","protected":false},"excerpt":{"rendered":"<p>Cuando, en 1764, el astr\u00f3nomo franc\u00e9s Charles Messier decidi\u00f3 catalogar unos\u00a0objetos celestes\u00a0que\u00a0exist\u00edan entre las estrellas fijas, probablemente\u00a0lo menos que pens\u00f3\u00a0fue que llegar\u00eda a ser m\u00e1s famoso por esa labor que por haber observado\u00a0una buena cantidad\u00a0de cometas durante su vida, 13&hellip; <a href=\"https:\/\/www.astronotas.org\/messier\/\" class=\"more-link\">Continue Reading <span class=\"meta-nav\">&rarr;<\/span><\/a><\/p>\n","protected":false},"author":1,"featured_media":59,"parent":0,"menu_order":0,"comment_status":"closed","ping_status":"closed","template":"","meta":{"jetpack_post_was_ever_published":false,"footnotes":""},"class_list":["post-26","page","type-page","status-publish","has-post-thumbnail","hentry"],"yoast_head":"<!-- This site is optimized with the Yoast SEO plugin v27.2 - https:\/\/yoast.com\/product\/yoast-seo-wordpress\/ -->\n<title>Cat\u00e1logo Messier - Cat\u00e1logo Messier<\/title>\n<meta name=\"description\" content=\"Datos hist\u00f3ricos sobre el Cat\u00e1logo Messier\" \/>\n<meta name=\"robots\" content=\"index, follow, max-snippet:-1, max-image-preview:large, max-video-preview:-1\" \/>\n<link rel=\"canonical\" href=\"https:\/\/www.astronotas.org\/messier\/\" \/>\n<meta property=\"og:locale\" content=\"en_US\" \/>\n<meta property=\"og:type\" content=\"article\" \/>\n<meta property=\"og:title\" content=\"Cat\u00e1logo Messier - Cat\u00e1logo Messier\" \/>\n<meta property=\"og:description\" content=\"Datos hist\u00f3ricos sobre el Cat\u00e1logo Messier\" \/>\n<meta property=\"og:url\" content=\"https:\/\/www.astronotas.org\/messier\/\" \/>\n<meta property=\"og:site_name\" content=\"Cat\u00e1logo Messier\" \/>\n<meta property=\"article:modified_time\" content=\"2023-12-09T13:52:23+00:00\" \/>\n<meta property=\"og:image\" content=\"https:\/\/www.astronotas.org\/messier\/wp-content\/uploads\/2016\/01\/messier.jpg\" \/>\n\t<meta property=\"og:image:width\" content=\"700\" \/>\n\t<meta property=\"og:image:height\" content=\"500\" \/>\n\t<meta property=\"og:image:type\" content=\"image\/jpeg\" \/>\n<meta name=\"twitter:card\" content=\"summary_large_image\" \/>\n<meta name=\"twitter:label1\" content=\"Est. reading time\" \/>\n\t<meta name=\"twitter:data1\" content=\"4 minutes\" \/>\n<script type=\"application\/ld+json\" class=\"yoast-schema-graph\">{\"@context\":\"https:\/\/schema.org\",\"@graph\":[{\"@type\":\"WebPage\",\"@id\":\"https:\/\/www.astronotas.org\/messier\/\",\"url\":\"https:\/\/www.astronotas.org\/messier\/\",\"name\":\"Cat\u00e1logo Messier - Cat\u00e1logo Messier\",\"isPartOf\":{\"@id\":\"https:\/\/www.astronotas.org\/messier\/#website\"},\"primaryImageOfPage\":{\"@id\":\"https:\/\/www.astronotas.org\/messier\/#primaryimage\"},\"image\":{\"@id\":\"https:\/\/www.astronotas.org\/messier\/#primaryimage\"},\"thumbnailUrl\":\"https:\/\/i0.wp.com\/www.astronotas.org\/messier\/wp-content\/uploads\/2016\/01\/messier.jpg?fit=700%2C500&ssl=1\",\"datePublished\":\"2016-01-12T23:14:37+00:00\",\"dateModified\":\"2023-12-09T13:52:23+00:00\",\"description\":\"Datos hist\u00f3ricos sobre el Cat\u00e1logo Messier\",\"breadcrumb\":{\"@id\":\"https:\/\/www.astronotas.org\/messier\/#breadcrumb\"},\"inLanguage\":\"en-US\",\"potentialAction\":[{\"@type\":\"ReadAction\",\"target\":[\"https:\/\/www.astronotas.org\/messier\/\"]}]},{\"@type\":\"ImageObject\",\"inLanguage\":\"en-US\",\"@id\":\"https:\/\/www.astronotas.org\/messier\/#primaryimage\",\"url\":\"https:\/\/i0.wp.com\/www.astronotas.org\/messier\/wp-content\/uploads\/2016\/01\/messier.jpg?fit=700%2C500&ssl=1\",\"contentUrl\":\"https:\/\/i0.wp.com\/www.astronotas.org\/messier\/wp-content\/uploads\/2016\/01\/messier.jpg?fit=700%2C500&ssl=1\",\"width\":700,\"height\":500,\"caption\":\"Cat\u00e1logo de Messier\"},{\"@type\":\"BreadcrumbList\",\"@id\":\"https:\/\/www.astronotas.org\/messier\/#breadcrumb\",\"itemListElement\":[{\"@type\":\"ListItem\",\"position\":1,\"name\":\"Inicio\",\"item\":\"https:\/\/www.astronotas.org\/messier\/\"},{\"@type\":\"ListItem\",\"position\":2,\"name\":\"Cat\u00e1logo Messier\"}]},{\"@type\":\"WebSite\",\"@id\":\"https:\/\/www.astronotas.org\/messier\/#website\",\"url\":\"https:\/\/www.astronotas.org\/messier\/\",\"name\":\"Cat\u00e1logo Messier\",\"description\":\"\",\"potentialAction\":[{\"@type\":\"SearchAction\",\"target\":{\"@type\":\"EntryPoint\",\"urlTemplate\":\"https:\/\/www.astronotas.org\/messier\/?s={search_term_string}\"},\"query-input\":{\"@type\":\"PropertyValueSpecification\",\"valueRequired\":true,\"valueName\":\"search_term_string\"}}],\"inLanguage\":\"en-US\"}]}<\/script>\n<!-- \/ Yoast SEO plugin. -->","yoast_head_json":{"title":"Cat\u00e1logo Messier - Cat\u00e1logo Messier","description":"Datos hist\u00f3ricos sobre el Cat\u00e1logo Messier","robots":{"index":"index","follow":"follow","max-snippet":"max-snippet:-1","max-image-preview":"max-image-preview:large","max-video-preview":"max-video-preview:-1"},"canonical":"https:\/\/www.astronotas.org\/messier\/","og_locale":"en_US","og_type":"article","og_title":"Cat\u00e1logo Messier - Cat\u00e1logo Messier","og_description":"Datos hist\u00f3ricos sobre el Cat\u00e1logo Messier","og_url":"https:\/\/www.astronotas.org\/messier\/","og_site_name":"Cat\u00e1logo Messier","article_modified_time":"2023-12-09T13:52:23+00:00","og_image":[{"width":700,"height":500,"url":"https:\/\/www.astronotas.org\/messier\/wp-content\/uploads\/2016\/01\/messier.jpg","type":"image\/jpeg"}],"twitter_card":"summary_large_image","twitter_misc":{"Est. reading time":"4 minutes"},"schema":{"@context":"https:\/\/schema.org","@graph":[{"@type":"WebPage","@id":"https:\/\/www.astronotas.org\/messier\/","url":"https:\/\/www.astronotas.org\/messier\/","name":"Cat\u00e1logo Messier - Cat\u00e1logo Messier","isPartOf":{"@id":"https:\/\/www.astronotas.org\/messier\/#website"},"primaryImageOfPage":{"@id":"https:\/\/www.astronotas.org\/messier\/#primaryimage"},"image":{"@id":"https:\/\/www.astronotas.org\/messier\/#primaryimage"},"thumbnailUrl":"https:\/\/i0.wp.com\/www.astronotas.org\/messier\/wp-content\/uploads\/2016\/01\/messier.jpg?fit=700%2C500&ssl=1","datePublished":"2016-01-12T23:14:37+00:00","dateModified":"2023-12-09T13:52:23+00:00","description":"Datos hist\u00f3ricos sobre el Cat\u00e1logo Messier","breadcrumb":{"@id":"https:\/\/www.astronotas.org\/messier\/#breadcrumb"},"inLanguage":"en-US","potentialAction":[{"@type":"ReadAction","target":["https:\/\/www.astronotas.org\/messier\/"]}]},{"@type":"ImageObject","inLanguage":"en-US","@id":"https:\/\/www.astronotas.org\/messier\/#primaryimage","url":"https:\/\/i0.wp.com\/www.astronotas.org\/messier\/wp-content\/uploads\/2016\/01\/messier.jpg?fit=700%2C500&ssl=1","contentUrl":"https:\/\/i0.wp.com\/www.astronotas.org\/messier\/wp-content\/uploads\/2016\/01\/messier.jpg?fit=700%2C500&ssl=1","width":700,"height":500,"caption":"Cat\u00e1logo de Messier"},{"@type":"BreadcrumbList","@id":"https:\/\/www.astronotas.org\/messier\/#breadcrumb","itemListElement":[{"@type":"ListItem","position":1,"name":"Inicio","item":"https:\/\/www.astronotas.org\/messier\/"},{"@type":"ListItem","position":2,"name":"Cat\u00e1logo Messier"}]},{"@type":"WebSite","@id":"https:\/\/www.astronotas.org\/messier\/#website","url":"https:\/\/www.astronotas.org\/messier\/","name":"Cat\u00e1logo Messier","description":"","potentialAction":[{"@type":"SearchAction","target":{"@type":"EntryPoint","urlTemplate":"https:\/\/www.astronotas.org\/messier\/?s={search_term_string}"},"query-input":{"@type":"PropertyValueSpecification","valueRequired":true,"valueName":"search_term_string"}}],"inLanguage":"en-US"}]}},"jetpack_sharing_enabled":true,"jetpack_shortlink":"https:\/\/wp.me\/P77x65-q","_links":{"self":[{"href":"https:\/\/www.astronotas.org\/messier\/wp-json\/wp\/v2\/pages\/26","targetHints":{"allow":["GET"]}}],"collection":[{"href":"https:\/\/www.astronotas.org\/messier\/wp-json\/wp\/v2\/pages"}],"about":[{"href":"https:\/\/www.astronotas.org\/messier\/wp-json\/wp\/v2\/types\/page"}],"author":[{"embeddable":true,"href":"https:\/\/www.astronotas.org\/messier\/wp-json\/wp\/v2\/users\/1"}],"replies":[{"embeddable":true,"href":"https:\/\/www.astronotas.org\/messier\/wp-json\/wp\/v2\/comments?post=26"}],"version-history":[{"count":30,"href":"https:\/\/www.astronotas.org\/messier\/wp-json\/wp\/v2\/pages\/26\/revisions"}],"predecessor-version":[{"id":2068,"href":"https:\/\/www.astronotas.org\/messier\/wp-json\/wp\/v2\/pages\/26\/revisions\/2068"}],"wp:featuredmedia":[{"embeddable":true,"href":"https:\/\/www.astronotas.org\/messier\/wp-json\/wp\/v2\/media\/59"}],"wp:attachment":[{"href":"https:\/\/www.astronotas.org\/messier\/wp-json\/wp\/v2\/media?parent=26"}],"curies":[{"name":"wp","href":"https:\/\/api.w.org\/{rel}","templated":true}]}}