{"id":34,"date":"2016-01-12T23:17:53","date_gmt":"2016-01-12T23:17:53","guid":{"rendered":"http:\/\/www.astronotas.org\/messier\/?page_id=34"},"modified":"2019-11-24T12:36:01","modified_gmt":"2019-11-24T12:36:01","slug":"enlaces","status":"publish","type":"page","link":"https:\/\/www.astronotas.org\/messier\/enlaces\/","title":{"rendered":"Enlaces"},"content":{"rendered":"<!-- Beginning of Link Library Output --><div id='linklist1' class='linklist'><!-- Div Linklist -->\n<div class=\"LinkLibraryCat LinkLibraryCat222 level0\"><!-- Div Category --><div id=\"catalogos\"><!-- Div Category Name --><div class=\"linklistcatname\"><!-- Div Cat Name --><span class=\"linklistcatclass\">Cat\u00e1logos<\/span><\/div><!-- DivOrHeader --><\/div><!-- Div Category Name -->\n\t<ul>\n<li><a href=\"http:\/\/www.astrofoto.ca\/john\/messiers.htm\" id=\"link-1306\" class=\"track_this_link \" rel=\"noopener noreferrer\" target=\"_blank\">[en] Astrophotography by John Mirtle &#8211; Messier Gallery<\/a><\/li>\n<li><a href=\"http:\/\/astropixels.com\/messier\/messiercat.html\" id=\"link-682\" class=\"track_this_link \" rel=\"noopener noreferrer\">[en] Astropixels &#8211; Messier Catalog<\/a><\/li>\n<li><a href=\"http:\/\/freestarcharts.com\/messier\" id=\"link-689\" class=\"track_this_link \" rel=\"noopener noreferrer\">[en] freestarcharts<\/a><\/li>\n<li><a href=\"https:\/\/www.nasa.gov\/content\/goddard\/hubble-s-messier-catalog#grid\" id=\"link-1531\" class=\"track_this_link \" rel=\"noopener noreferrer\" target=\"_blank\">[en] Hubble&#8217;s Messier Catalog<\/a><\/li>\n<li><a href=\"http:\/\/hwilson.zenfolio.com\/messier\" id=\"link-1827\" class=\"track_this_link \" rel=\"noopener noreferrer\" target=\"_blank\">[en] Hunter Wilson &#8211; Astrophotography<\/a><\/li>\n<li><a href=\"https:\/\/www.messier-objects.com\/messier-object-list\/\" id=\"link-937\" class=\"track_this_link \" rel=\"noopener noreferrer\" target=\"_blank\">[en] Messier Objects<\/a><\/li>\n<li><a href=\"http:\/\/messier.seds.org\/\" id=\"link-681\" class=\"track_this_link \" rel=\"noopener noreferrer\">[en] SEDS &#8211; The Messier Catalog<\/a><\/li>\n<li><a href=\"https:\/\/www.ipac.caltech.edu\/2mass\/gallery\/messiercat.html\" id=\"link-931\" class=\"track_this_link \" rel=\"noopener noreferrer\" target=\"_blank\">[en] The 2MASS &#8211; Messier Catalog<\/a><\/li>\n<li><a href=\"http:\/\/www.seasky.org\/astronomy\/astronomy-messier.html\" id=\"link-683\" class=\"track_this_link \" rel=\"noopener noreferrer\">[en] The Sky &#8211; The Messier catalog of deep sky objects<\/a><\/li>\n<li><a href=\"http:\/\/www.catalogomessier.com\/\" id=\"link-684\" class=\"track_this_link \" rel=\"noopener noreferrer\">[es] Cat\u00e1logo Messier<\/a><\/li>\n<li><a href=\"http:\/\/www.ecured.cu\/Cat\u00e1logo_Messier\" id=\"link-929\" class=\"track_this_link \" rel=\"noopener noreferrer\" target=\"_blank\">[es] EcuRed &#8211; Cat\u00e1logo Messier<\/a><\/li>\n<li><a href=\"http:\/\/www.astroerrante.com\/cielo-profundo\/messier.html\" id=\"link-932\" class=\"track_this_link \" rel=\"noopener noreferrer\" target=\"_blank\">[es] El Astr\u00f3nomo Errante<\/a><\/li>\n<li><a href=\"https:\/\/www.espacioprofundo.com.ar\/catalogo_messier\/\" id=\"link-934\" class=\"track_this_link \" rel=\"noopener noreferrer\" target=\"_blank\">[es] Espacio Profundo &#8211; Cat\u00e1logo Messier<\/a><\/li>\n<li><a href=\"http:\/\/dibujodelcielonocturno.blogspot.com\/p\/principal.html\" id=\"link-928\" class=\"track_this_link \" rel=\"noopener noreferrer\" target=\"_blank\">[es] Observaciones astron\u00f3micas visuales<\/a><\/li>\n<li><a href=\"https:\/\/es.wikipedia.org\/wiki\/Anexo:Objetos_Messier\" id=\"link-930\" class=\"track_this_link \" rel=\"noopener noreferrer\" target=\"_blank\">[es] Wikipedia &#8211; Anexo: Objetos Messier<\/a><\/li>\n\t<\/ul>\n<\/div><!-- Div End Category -->\n<div class=\"LinkLibraryCat LinkLibraryCat223 level0\"><!-- Div Category --><div id=\"informacion\"><!-- Div Category Name --><div class=\"linklistcatname\"><!-- Div Cat Name --><span class=\"linklistcatclass\">Informaci\u00f3n<\/span><\/div><!-- DivOrHeader --><\/div><!-- Div Category Name -->\n\t<ul>\n<li><a href=\"http:\/\/messier.obspm.fr\/more\/m-hubble.html\" id=\"link-687\" class=\"track_this_link \" rel=\"noopener noreferrer\">[en] Hubble and the Messier Objects<\/a><\/li>\n<li><a href=\"http:\/\/www.messier-objects.com\/\" id=\"link-690\" class=\"track_this_link \" rel=\"noopener noreferrer\">[en] Messier Objects<\/a><\/li>\n<li><a href=\"http:\/\/www.perezmedia.net\/beltofvenus\/archives\/messier.html\" id=\"link-935\" class=\"track_this_link \" rel=\"noopener noreferrer\" target=\"_blank\">[en] The Belt of Venus<\/a><\/li>\n<li><a href=\"https:\/\/www.universetoday.com\/tag\/charles-messier\/\" id=\"link-936\" class=\"track_this_link \" rel=\"noopener noreferrer\" target=\"_blank\">[en] Universe Today &#8211; Charles Messier<\/a><\/li>\n<li><a href=\"http:\/\/www.asociacionastronomicadeespa\u00f1a.es\/catalogo-messier-1.html\" id=\"link-933\" class=\"track_this_link \" rel=\"noopener noreferrer\" target=\"_blank\">[es] Asociaci\u00f3n Astron\u00f3mica de Espa\u00f1a<\/a><\/li>\n<li><a href=\"https:\/\/www.astronomia-iniciacion.com\/el-catalogo-messier\" id=\"link-685\" class=\"track_this_link \" rel=\"noopener noreferrer\">[es] Astronom\u00eda para principiantes &#8211; El cat\u00e1logo de Messier<\/a><\/li>\n<li><a href=\"http:\/\/www.astronomia-iniciacion.com\/las-observaciones-del-cielo-profundo-de-charles-messier.html\" id=\"link-686\" class=\"track_this_link \" rel=\"noopener noreferrer\">[es] Astronom\u00eda para principiantes &#8211; Las observaciones del cielo profundo de Charles Messier<\/a><\/li>\n\t<\/ul>\n<\/div><!-- Div End Category -->\n<script type='text\/javascript'>\njQuery(document).ready(function()\n{\njQuery('.arrow-up').hide();\njQuery('#linklist1 a.track_this_link').click(function() {\nlinkid = this.id;\nlinkid = linkid.substring(5);\npath = '';\njQuery.ajax( {    type: 'POST',    url: 'https:\/\/www.astronotas.org\/messier\/wp-admin\/admin-ajax.php',     data: { action: 'link_library_tracker',             _ajax_nonce: 'e7fcbecd16',             id:linkid, xpath:path }     });\nreturn true;\n});\njQuery('#linklist1 .expandlinks').click(function() {\ntarget = '.' + jQuery(this).attr('id');\nsubcattarget = '.' + jQuery(this).attr('data-subcat');\nif ( jQuery( target ).is(':visible') ) {\njQuery(target).slideUp();\njQuery(subcattarget).slideToggle();\njQuery(this).children('img').attr('src', 'https:\/\/www.astronotas.org\/messier\/wp-content\/plugins\/link-library\/icons\/expand-32.png');\n} else {\njQuery(target).slideDown();\njQuery(subcattarget).slideToggle();\njQuery(this).children('img').attr('src', 'https:\/\/www.astronotas.org\/messier\/wp-content\/plugins\/link-library\/icons\/collapse-32.png');\n}\n});\njQuery('#linklist1 .linklistcatclass').click(function() {\njQuery(this).siblings('.expandlinks').click();\n});\njQuery('#linklist1 .linklistcatnamedesc').click(function() {\njQuery(this).siblings('.expandlinks').click();\n});\n});\n<\/script>\n<\/div><!-- Div Linklist -->\n<!-- End of Link Library Output -->\n\n\n<p>Para m\u00e1s enlaces, puede dirigirse a la secci\u00f3n de <a href=\"http:\/\/www.astronotas.org\/enlaces\/\">Enlaces<\/a> de <a href=\"http:\/\/www.astronotas.org\/enlaces\/\">Astronotas<\/a>.<\/p>\n","protected":false},"excerpt":{"rendered":"<p>Para m\u00e1s enlaces, puede dirigirse a la secci\u00f3n de Enlaces de Astronotas.<\/p>\n","protected":false},"author":1,"featured_media":0,"parent":0,"menu_order":0,"comment_status":"closed","ping_status":"closed","template":"","meta":{"jetpack_post_was_ever_published":false,"footnotes":""},"class_list":["post-34","page","type-page","status-publish","hentry"],"yoast_head":"<!-- This site is optimized with the Yoast SEO plugin v27.2 - https:\/\/yoast.com\/product\/yoast-seo-wordpress\/ -->\n<title>Enlaces - Cat\u00e1logo Messier<\/title>\n<meta name=\"robots\" content=\"index, follow, max-snippet:-1, max-image-preview:large, max-video-preview:-1\" \/>\n<link rel=\"canonical\" href=\"https:\/\/www.astronotas.org\/messier\/enlaces\/\" \/>\n<meta property=\"og:locale\" content=\"en_US\" \/>\n<meta property=\"og:type\" content=\"article\" \/>\n<meta property=\"og:title\" content=\"Enlaces - Cat\u00e1logo Messier\" \/>\n<meta property=\"og:description\" content=\"Para m\u00e1s enlaces, puede dirigirse a la secci\u00f3n de Enlaces de Astronotas.\" \/>\n<meta property=\"og:url\" content=\"https:\/\/www.astronotas.org\/messier\/enlaces\/\" \/>\n<meta property=\"og:site_name\" content=\"Cat\u00e1logo Messier\" \/>\n<meta property=\"article:modified_time\" content=\"2019-11-24T12:36:01+00:00\" \/>\n<meta name=\"twitter:card\" content=\"summary_large_image\" \/>\n<script type=\"application\/ld+json\" class=\"yoast-schema-graph\">{\"@context\":\"https:\/\/schema.org\",\"@graph\":[{\"@type\":\"WebPage\",\"@id\":\"https:\/\/www.astronotas.org\/messier\/enlaces\/\",\"url\":\"https:\/\/www.astronotas.org\/messier\/enlaces\/\",\"name\":\"Enlaces - Cat\u00e1logo Messier\",\"isPartOf\":{\"@id\":\"https:\/\/www.astronotas.org\/messier\/#website\"},\"datePublished\":\"2016-01-12T23:17:53+00:00\",\"dateModified\":\"2019-11-24T12:36:01+00:00\",\"breadcrumb\":{\"@id\":\"https:\/\/www.astronotas.org\/messier\/enlaces\/#breadcrumb\"},\"inLanguage\":\"en-US\",\"potentialAction\":[{\"@type\":\"ReadAction\",\"target\":[\"https:\/\/www.astronotas.org\/messier\/enlaces\/\"]}]},{\"@type\":\"BreadcrumbList\",\"@id\":\"https:\/\/www.astronotas.org\/messier\/enlaces\/#breadcrumb\",\"itemListElement\":[{\"@type\":\"ListItem\",\"position\":1,\"name\":\"Inicio\",\"item\":\"https:\/\/www.astronotas.org\/messier\/\"},{\"@type\":\"ListItem\",\"position\":2,\"name\":\"Enlaces\"}]},{\"@type\":\"WebSite\",\"@id\":\"https:\/\/www.astronotas.org\/messier\/#website\",\"url\":\"https:\/\/www.astronotas.org\/messier\/\",\"name\":\"Cat\u00e1logo Messier\",\"description\":\"\",\"potentialAction\":[{\"@type\":\"SearchAction\",\"target\":{\"@type\":\"EntryPoint\",\"urlTemplate\":\"https:\/\/www.astronotas.org\/messier\/?s={search_term_string}\"},\"query-input\":{\"@type\":\"PropertyValueSpecification\",\"valueRequired\":true,\"valueName\":\"search_term_string\"}}],\"inLanguage\":\"en-US\"}]}<\/script>\n<!-- \/ Yoast SEO plugin. -->","yoast_head_json":{"title":"Enlaces - Cat\u00e1logo Messier","robots":{"index":"index","follow":"follow","max-snippet":"max-snippet:-1","max-image-preview":"max-image-preview:large","max-video-preview":"max-video-preview:-1"},"canonical":"https:\/\/www.astronotas.org\/messier\/enlaces\/","og_locale":"en_US","og_type":"article","og_title":"Enlaces - Cat\u00e1logo Messier","og_description":"Para m\u00e1s enlaces, puede dirigirse a la secci\u00f3n de Enlaces de Astronotas.","og_url":"https:\/\/www.astronotas.org\/messier\/enlaces\/","og_site_name":"Cat\u00e1logo Messier","article_modified_time":"2019-11-24T12:36:01+00:00","twitter_card":"summary_large_image","schema":{"@context":"https:\/\/schema.org","@graph":[{"@type":"WebPage","@id":"https:\/\/www.astronotas.org\/messier\/enlaces\/","url":"https:\/\/www.astronotas.org\/messier\/enlaces\/","name":"Enlaces - Cat\u00e1logo Messier","isPartOf":{"@id":"https:\/\/www.astronotas.org\/messier\/#website"},"datePublished":"2016-01-12T23:17:53+00:00","dateModified":"2019-11-24T12:36:01+00:00","breadcrumb":{"@id":"https:\/\/www.astronotas.org\/messier\/enlaces\/#breadcrumb"},"inLanguage":"en-US","potentialAction":[{"@type":"ReadAction","target":["https:\/\/www.astronotas.org\/messier\/enlaces\/"]}]},{"@type":"BreadcrumbList","@id":"https:\/\/www.astronotas.org\/messier\/enlaces\/#breadcrumb","itemListElement":[{"@type":"ListItem","position":1,"name":"Inicio","item":"https:\/\/www.astronotas.org\/messier\/"},{"@type":"ListItem","position":2,"name":"Enlaces"}]},{"@type":"WebSite","@id":"https:\/\/www.astronotas.org\/messier\/#website","url":"https:\/\/www.astronotas.org\/messier\/","name":"Cat\u00e1logo Messier","description":"","potentialAction":[{"@type":"SearchAction","target":{"@type":"EntryPoint","urlTemplate":"https:\/\/www.astronotas.org\/messier\/?s={search_term_string}"},"query-input":{"@type":"PropertyValueSpecification","valueRequired":true,"valueName":"search_term_string"}}],"inLanguage":"en-US"}]}},"jetpack_sharing_enabled":true,"jetpack_shortlink":"https:\/\/wp.me\/P77x65-y","_links":{"self":[{"href":"https:\/\/www.astronotas.org\/messier\/wp-json\/wp\/v2\/pages\/34","targetHints":{"allow":["GET"]}}],"collection":[{"href":"https:\/\/www.astronotas.org\/messier\/wp-json\/wp\/v2\/pages"}],"about":[{"href":"https:\/\/www.astronotas.org\/messier\/wp-json\/wp\/v2\/types\/page"}],"author":[{"embeddable":true,"href":"https:\/\/www.astronotas.org\/messier\/wp-json\/wp\/v2\/users\/1"}],"replies":[{"embeddable":true,"href":"https:\/\/www.astronotas.org\/messier\/wp-json\/wp\/v2\/comments?post=34"}],"version-history":[{"count":1,"href":"https:\/\/www.astronotas.org\/messier\/wp-json\/wp\/v2\/pages\/34\/revisions"}],"predecessor-version":[{"id":927,"href":"https:\/\/www.astronotas.org\/messier\/wp-json\/wp\/v2\/pages\/34\/revisions\/927"}],"wp:attachment":[{"href":"https:\/\/www.astronotas.org\/messier\/wp-json\/wp\/v2\/media?parent=34"}],"curies":[{"name":"wp","href":"https:\/\/api.w.org\/{rel}","templated":true}]}}