{"id":62,"date":"2016-01-13T16:20:51","date_gmt":"2016-01-13T16:20:51","guid":{"rendered":"http:\/\/www.astronotas.org\/messier\/?page_id=62"},"modified":"2016-01-13T19:53:04","modified_gmt":"2016-01-13T19:53:04","slug":"listas","status":"publish","type":"page","link":"https:\/\/www.astronotas.org\/messier\/listas\/","title":{"rendered":"Listas"},"content":{"rendered":"<h3>Cat\u00e1logo de Messier<\/h3>\n<p>Para facilitar la b\u00fasqueda de los objetos del cat\u00e1logo de Messier en el cielo nocturno, se ofrecen, a continuaci\u00f3n, varias listas que los aficionados pueden emplear, dependiendo de su intenci\u00f3n de llevar a cabo las observaciones.<\/p>\n<ul>\n<li><a href=\"http:\/\/www.astronotas.org\/messier\/?page_id=73\">Lista por orden<\/a> &#8211; organiza los objetos seg\u00fan el n\u00famero de cada entrada en el cat\u00e1logo<\/li>\n<li><a href=\"http:\/\/www.astronotas.org\/messier\/?page_id=63\">Lista por constelaci\u00f3n<\/a> &#8211; organiza los objetos seg\u00fan los l\u00edmites de las constelaciones (organizadas alfab\u00e9ticamente) donde se encuentran.<\/li>\n<li><a href=\"http:\/\/www.astronotas.org\/messier\/?page_id=66\">Lista por ascenci\u00f3n recta<\/a> &#8211; organiza los objetos por su ascenci\u00f3n recta. Puede ser \u00fatil para planificar su observaci\u00f3n a determinadas horas de la noche.<\/li>\n<li><a href=\"http:\/\/www.astronotas.org\/messier\/?page_id=64\">Lista por declinaci\u00f3n<\/a> &#8211; organiza los objetos por su declinaci\u00f3n, de norte a sur, independientemente de su ascenci\u00f3n recta.<\/li>\n<li><a href=\"http:\/\/www.astronotas.org\/messier\/?page_id=76\">Lista por clase<\/a> &#8211; organiza los objetos seg\u00fan su clase, o tipo.<\/li>\n<\/ul>\n<h3>Otras listas<\/h3>\n<p>Se incluyen, adem\u00e1s, algunas listas adicionales, \u00fatiles en la astronom\u00eda aficionada.<\/p>\n<ul>\n<li><a href=\"http:\/\/www.astronotas.org\/messier\/?page_id=81\">Lista de constelaciones<\/a> &#8211; se\u00a0ofrece en esta lista, la abreviatura de la constelaci\u00f3n, su nombre en lat\u00edn y su forma en espa\u00f1ol.<\/li>\n<li><a href=\"http:\/\/www.astronotas.org\/messier\/?page_id=79\">Alfabeto griego<\/a> &#8211; el alfabeto griego es una de las designaciones cl\u00e1sicas para nombrar las estrellas.<\/li>\n<\/ul>\n","protected":false},"excerpt":{"rendered":"<p>Cat\u00e1logo de Messier Para facilitar la b\u00fasqueda de los objetos del cat\u00e1logo de Messier en el cielo nocturno, se ofrecen, a continuaci\u00f3n, varias listas que los aficionados pueden emplear, dependiendo de su intenci\u00f3n de llevar a cabo las observaciones. Lista&hellip; <a href=\"https:\/\/www.astronotas.org\/messier\/listas\/\" class=\"more-link\">Continue Reading <span class=\"meta-nav\">&rarr;<\/span><\/a><\/p>\n","protected":false},"author":1,"featured_media":0,"parent":0,"menu_order":0,"comment_status":"closed","ping_status":"closed","template":"","meta":{"jetpack_post_was_ever_published":false,"footnotes":""},"class_list":["post-62","page","type-page","status-publish","hentry"],"yoast_head":"<!-- This site is optimized with the Yoast SEO plugin v27.2 - https:\/\/yoast.com\/product\/yoast-seo-wordpress\/ -->\n<title>Listas - Cat\u00e1logo Messier<\/title>\n<meta name=\"robots\" content=\"index, follow, max-snippet:-1, max-image-preview:large, max-video-preview:-1\" \/>\n<link rel=\"canonical\" href=\"https:\/\/www.astronotas.org\/messier\/listas\/\" \/>\n<meta property=\"og:locale\" content=\"en_US\" \/>\n<meta property=\"og:type\" content=\"article\" \/>\n<meta property=\"og:title\" content=\"Listas - Cat\u00e1logo Messier\" \/>\n<meta property=\"og:description\" content=\"Cat\u00e1logo de Messier Para facilitar la b\u00fasqueda de los objetos del cat\u00e1logo de Messier en el cielo nocturno, se ofrecen, a continuaci\u00f3n, varias listas que los aficionados pueden emplear, dependiendo de su intenci\u00f3n de llevar a cabo las observaciones. Lista&hellip; Continue Reading &rarr;\" \/>\n<meta property=\"og:url\" content=\"https:\/\/www.astronotas.org\/messier\/listas\/\" \/>\n<meta property=\"og:site_name\" content=\"Cat\u00e1logo Messier\" \/>\n<meta property=\"article:modified_time\" content=\"2016-01-13T19:53:04+00:00\" \/>\n<meta name=\"twitter:card\" content=\"summary_large_image\" \/>\n<meta name=\"twitter:label1\" content=\"Est. reading time\" \/>\n\t<meta name=\"twitter:data1\" content=\"1 minute\" \/>\n<script type=\"application\/ld+json\" class=\"yoast-schema-graph\">{\"@context\":\"https:\/\/schema.org\",\"@graph\":[{\"@type\":\"WebPage\",\"@id\":\"https:\/\/www.astronotas.org\/messier\/listas\/\",\"url\":\"https:\/\/www.astronotas.org\/messier\/listas\/\",\"name\":\"Listas - Cat\u00e1logo Messier\",\"isPartOf\":{\"@id\":\"https:\/\/www.astronotas.org\/messier\/#website\"},\"datePublished\":\"2016-01-13T16:20:51+00:00\",\"dateModified\":\"2016-01-13T19:53:04+00:00\",\"breadcrumb\":{\"@id\":\"https:\/\/www.astronotas.org\/messier\/listas\/#breadcrumb\"},\"inLanguage\":\"en-US\",\"potentialAction\":[{\"@type\":\"ReadAction\",\"target\":[\"https:\/\/www.astronotas.org\/messier\/listas\/\"]}]},{\"@type\":\"BreadcrumbList\",\"@id\":\"https:\/\/www.astronotas.org\/messier\/listas\/#breadcrumb\",\"itemListElement\":[{\"@type\":\"ListItem\",\"position\":1,\"name\":\"Inicio\",\"item\":\"https:\/\/www.astronotas.org\/messier\/\"},{\"@type\":\"ListItem\",\"position\":2,\"name\":\"Listas\"}]},{\"@type\":\"WebSite\",\"@id\":\"https:\/\/www.astronotas.org\/messier\/#website\",\"url\":\"https:\/\/www.astronotas.org\/messier\/\",\"name\":\"Cat\u00e1logo Messier\",\"description\":\"\",\"potentialAction\":[{\"@type\":\"SearchAction\",\"target\":{\"@type\":\"EntryPoint\",\"urlTemplate\":\"https:\/\/www.astronotas.org\/messier\/?s={search_term_string}\"},\"query-input\":{\"@type\":\"PropertyValueSpecification\",\"valueRequired\":true,\"valueName\":\"search_term_string\"}}],\"inLanguage\":\"en-US\"}]}<\/script>\n<!-- \/ Yoast SEO plugin. -->","yoast_head_json":{"title":"Listas - Cat\u00e1logo Messier","robots":{"index":"index","follow":"follow","max-snippet":"max-snippet:-1","max-image-preview":"max-image-preview:large","max-video-preview":"max-video-preview:-1"},"canonical":"https:\/\/www.astronotas.org\/messier\/listas\/","og_locale":"en_US","og_type":"article","og_title":"Listas - Cat\u00e1logo Messier","og_description":"Cat\u00e1logo de Messier Para facilitar la b\u00fasqueda de los objetos del cat\u00e1logo de Messier en el cielo nocturno, se ofrecen, a continuaci\u00f3n, varias listas que los aficionados pueden emplear, dependiendo de su intenci\u00f3n de llevar a cabo las observaciones. Lista&hellip; Continue Reading &rarr;","og_url":"https:\/\/www.astronotas.org\/messier\/listas\/","og_site_name":"Cat\u00e1logo Messier","article_modified_time":"2016-01-13T19:53:04+00:00","twitter_card":"summary_large_image","twitter_misc":{"Est. reading time":"1 minute"},"schema":{"@context":"https:\/\/schema.org","@graph":[{"@type":"WebPage","@id":"https:\/\/www.astronotas.org\/messier\/listas\/","url":"https:\/\/www.astronotas.org\/messier\/listas\/","name":"Listas - Cat\u00e1logo Messier","isPartOf":{"@id":"https:\/\/www.astronotas.org\/messier\/#website"},"datePublished":"2016-01-13T16:20:51+00:00","dateModified":"2016-01-13T19:53:04+00:00","breadcrumb":{"@id":"https:\/\/www.astronotas.org\/messier\/listas\/#breadcrumb"},"inLanguage":"en-US","potentialAction":[{"@type":"ReadAction","target":["https:\/\/www.astronotas.org\/messier\/listas\/"]}]},{"@type":"BreadcrumbList","@id":"https:\/\/www.astronotas.org\/messier\/listas\/#breadcrumb","itemListElement":[{"@type":"ListItem","position":1,"name":"Inicio","item":"https:\/\/www.astronotas.org\/messier\/"},{"@type":"ListItem","position":2,"name":"Listas"}]},{"@type":"WebSite","@id":"https:\/\/www.astronotas.org\/messier\/#website","url":"https:\/\/www.astronotas.org\/messier\/","name":"Cat\u00e1logo Messier","description":"","potentialAction":[{"@type":"SearchAction","target":{"@type":"EntryPoint","urlTemplate":"https:\/\/www.astronotas.org\/messier\/?s={search_term_string}"},"query-input":{"@type":"PropertyValueSpecification","valueRequired":true,"valueName":"search_term_string"}}],"inLanguage":"en-US"}]}},"jetpack_sharing_enabled":true,"jetpack_shortlink":"https:\/\/wp.me\/P77x65-10","_links":{"self":[{"href":"https:\/\/www.astronotas.org\/messier\/wp-json\/wp\/v2\/pages\/62","targetHints":{"allow":["GET"]}}],"collection":[{"href":"https:\/\/www.astronotas.org\/messier\/wp-json\/wp\/v2\/pages"}],"about":[{"href":"https:\/\/www.astronotas.org\/messier\/wp-json\/wp\/v2\/types\/page"}],"author":[{"embeddable":true,"href":"https:\/\/www.astronotas.org\/messier\/wp-json\/wp\/v2\/users\/1"}],"replies":[{"embeddable":true,"href":"https:\/\/www.astronotas.org\/messier\/wp-json\/wp\/v2\/comments?post=62"}],"version-history":[{"count":1,"href":"https:\/\/www.astronotas.org\/messier\/wp-json\/wp\/v2\/pages\/62\/revisions"}],"predecessor-version":[{"id":71,"href":"https:\/\/www.astronotas.org\/messier\/wp-json\/wp\/v2\/pages\/62\/revisions\/71"}],"wp:attachment":[{"href":"https:\/\/www.astronotas.org\/messier\/wp-json\/wp\/v2\/media?parent=62"}],"curies":[{"name":"wp","href":"https:\/\/api.w.org\/{rel}","templated":true}]}}