{"id":79,"date":"2016-01-13T19:35:39","date_gmt":"2016-01-13T19:35:39","guid":{"rendered":"http:\/\/www.astronotas.org\/messier\/?page_id=79"},"modified":"2016-01-13T19:53:43","modified_gmt":"2016-01-13T19:53:43","slug":"alfabeto-griego","status":"publish","type":"page","link":"https:\/\/www.astronotas.org\/messier\/listas\/alfabeto-griego\/","title":{"rendered":"Alfabeto griego"},"content":{"rendered":"<p>En astronom\u00eda, se utiliza el alfabeto\u00a0griego para nombrar las estrellas principales de una constelaci\u00f3n (junto con el genitivo del nombre de la constelaci\u00f3n en lat\u00edn). Esta pr\u00e1ctica fue iniciada por el astr\u00f3nomo alem\u00e1n Johann Bayer en su obra Uranometria de 1603 y se mantiene en uso hoy en d\u00eda. Solo se emplea la graf\u00eda en\u00a0min\u00fascula.<\/p>\n<table border=\"0\" cellspacing=\"0\">\n<colgroup span=\"2\" width=\"90\"><\/colgroup>\n<tbody>\n<tr>\n<td align=\"left\" height=\"17\">\u0391 \u03b1<\/td>\n<td align=\"left\">alfa<\/td>\n<\/tr>\n<tr>\n<td align=\"left\" height=\"17\">\u0392 \u03b2<\/td>\n<td align=\"left\">beta<\/td>\n<\/tr>\n<tr>\n<td align=\"left\" height=\"17\">\u0393 \u03b3<\/td>\n<td align=\"left\">gamma<\/td>\n<\/tr>\n<tr>\n<td align=\"left\" height=\"17\">\u0394 \u03b4<\/td>\n<td align=\"left\">delta<\/td>\n<\/tr>\n<tr>\n<td align=\"left\" height=\"17\">\u0395 \u03b5<\/td>\n<td align=\"left\">\u00e9psilon<\/td>\n<\/tr>\n<tr>\n<td align=\"left\" height=\"17\">\u0396 \u03b6<\/td>\n<td align=\"left\">dseta<\/td>\n<\/tr>\n<tr>\n<td align=\"left\" height=\"17\">\u0397 \u03b7<\/td>\n<td align=\"left\">eta<\/td>\n<\/tr>\n<tr>\n<td align=\"left\" height=\"17\">\u0398 \u03b8<\/td>\n<td align=\"left\">theta<\/td>\n<\/tr>\n<tr>\n<td align=\"left\" height=\"17\">\u0399 \u03b9<\/td>\n<td align=\"left\">iota<\/td>\n<\/tr>\n<tr>\n<td align=\"left\" height=\"17\">\u039a \u03ba<\/td>\n<td align=\"left\">kappa<\/td>\n<\/tr>\n<tr>\n<td align=\"left\" height=\"17\">\u039b \u03bb<\/td>\n<td align=\"left\">lambda<\/td>\n<\/tr>\n<tr>\n<td align=\"left\" height=\"17\">\u039c \u03bc<\/td>\n<td align=\"left\">mi<\/td>\n<\/tr>\n<tr>\n<td align=\"left\" height=\"17\">\u039d \u03bd<\/td>\n<td align=\"left\">ni<\/td>\n<\/tr>\n<tr>\n<td align=\"left\" height=\"17\">\u039e \u03be<\/td>\n<td align=\"left\">xi<\/td>\n<\/tr>\n<tr>\n<td align=\"left\" height=\"17\">\u039f \u03bf<\/td>\n<td align=\"left\">\u00f3micron<\/td>\n<\/tr>\n<tr>\n<td align=\"left\" height=\"17\">\u03a0 \u03c0<\/td>\n<td align=\"left\">pi<\/td>\n<\/tr>\n<tr>\n<td align=\"left\" height=\"17\">\u03a1 \u03c1<\/td>\n<td align=\"left\">rho<\/td>\n<\/tr>\n<tr>\n<td align=\"left\" height=\"17\"><span style=\"font-family: 'Liberation Serif';\">\u03a3 \u03c3 \u03c2<\/span><\/td>\n<td align=\"left\">sigma<\/td>\n<\/tr>\n<tr>\n<td align=\"left\" height=\"17\">\u03a4 \u03c4<\/td>\n<td align=\"left\">tau<\/td>\n<\/tr>\n<tr>\n<td align=\"left\" height=\"17\">\u03a5 \u03c5<\/td>\n<td align=\"left\">\u00edpsilon<\/td>\n<\/tr>\n<tr>\n<td align=\"left\" height=\"17\">\u03a6 \u03c6<\/td>\n<td align=\"left\">fi<\/td>\n<\/tr>\n<tr>\n<td align=\"left\" height=\"17\">\u03a7 \u03c7<\/td>\n<td align=\"left\">ji<\/td>\n<\/tr>\n<tr>\n<td align=\"left\" height=\"17\">\u03a8 \u03c8<\/td>\n<td align=\"left\">psi<\/td>\n<\/tr>\n<tr>\n<td align=\"left\" height=\"17\">\u03a9 \u03c9<\/td>\n<td align=\"left\">omega<\/td>\n<\/tr>\n<\/tbody>\n<\/table>\n","protected":false},"excerpt":{"rendered":"<p>En astronom\u00eda, se utiliza el alfabeto\u00a0griego para nombrar las estrellas principales de una constelaci\u00f3n (junto con el genitivo del nombre de la constelaci\u00f3n en lat\u00edn). Esta pr\u00e1ctica fue iniciada por el astr\u00f3nomo alem\u00e1n Johann Bayer en su obra Uranometria de&hellip; <a href=\"https:\/\/www.astronotas.org\/messier\/listas\/alfabeto-griego\/\" class=\"more-link\">Continue Reading <span class=\"meta-nav\">&rarr;<\/span><\/a><\/p>\n","protected":false},"author":1,"featured_media":0,"parent":62,"menu_order":6,"comment_status":"closed","ping_status":"closed","template":"","meta":{"jetpack_post_was_ever_published":false,"footnotes":""},"class_list":["post-79","page","type-page","status-publish","hentry"],"yoast_head":"<!-- This site is optimized with the Yoast SEO plugin v27.2 - https:\/\/yoast.com\/product\/yoast-seo-wordpress\/ -->\n<title>Alfabeto griego - Cat\u00e1logo Messier<\/title>\n<meta name=\"robots\" content=\"index, follow, max-snippet:-1, max-image-preview:large, max-video-preview:-1\" \/>\n<link rel=\"canonical\" href=\"https:\/\/www.astronotas.org\/messier\/listas\/alfabeto-griego\/\" \/>\n<meta property=\"og:locale\" content=\"en_US\" \/>\n<meta property=\"og:type\" content=\"article\" \/>\n<meta property=\"og:title\" content=\"Alfabeto griego - Cat\u00e1logo Messier\" \/>\n<meta property=\"og:description\" content=\"En astronom\u00eda, se utiliza el alfabeto\u00a0griego para nombrar las estrellas principales de una constelaci\u00f3n (junto con el genitivo del nombre de la constelaci\u00f3n en lat\u00edn). Esta pr\u00e1ctica fue iniciada por el astr\u00f3nomo alem\u00e1n Johann Bayer en su obra Uranometria de&hellip; Continue Reading &rarr;\" \/>\n<meta property=\"og:url\" content=\"https:\/\/www.astronotas.org\/messier\/listas\/alfabeto-griego\/\" \/>\n<meta property=\"og:site_name\" content=\"Cat\u00e1logo Messier\" \/>\n<meta property=\"article:modified_time\" content=\"2016-01-13T19:53:43+00:00\" \/>\n<meta name=\"twitter:card\" content=\"summary_large_image\" \/>\n<script type=\"application\/ld+json\" class=\"yoast-schema-graph\">{\"@context\":\"https:\/\/schema.org\",\"@graph\":[{\"@type\":\"WebPage\",\"@id\":\"https:\/\/www.astronotas.org\/messier\/listas\/alfabeto-griego\/\",\"url\":\"https:\/\/www.astronotas.org\/messier\/listas\/alfabeto-griego\/\",\"name\":\"Alfabeto griego - Cat\u00e1logo Messier\",\"isPartOf\":{\"@id\":\"https:\/\/www.astronotas.org\/messier\/#website\"},\"datePublished\":\"2016-01-13T19:35:39+00:00\",\"dateModified\":\"2016-01-13T19:53:43+00:00\",\"breadcrumb\":{\"@id\":\"https:\/\/www.astronotas.org\/messier\/listas\/alfabeto-griego\/#breadcrumb\"},\"inLanguage\":\"en-US\",\"potentialAction\":[{\"@type\":\"ReadAction\",\"target\":[\"https:\/\/www.astronotas.org\/messier\/listas\/alfabeto-griego\/\"]}]},{\"@type\":\"BreadcrumbList\",\"@id\":\"https:\/\/www.astronotas.org\/messier\/listas\/alfabeto-griego\/#breadcrumb\",\"itemListElement\":[{\"@type\":\"ListItem\",\"position\":1,\"name\":\"Inicio\",\"item\":\"https:\/\/www.astronotas.org\/messier\/\"},{\"@type\":\"ListItem\",\"position\":2,\"name\":\"Listas\",\"item\":\"https:\/\/www.astronotas.org\/messier\/listas\/\"},{\"@type\":\"ListItem\",\"position\":3,\"name\":\"Alfabeto griego\"}]},{\"@type\":\"WebSite\",\"@id\":\"https:\/\/www.astronotas.org\/messier\/#website\",\"url\":\"https:\/\/www.astronotas.org\/messier\/\",\"name\":\"Cat\u00e1logo Messier\",\"description\":\"\",\"potentialAction\":[{\"@type\":\"SearchAction\",\"target\":{\"@type\":\"EntryPoint\",\"urlTemplate\":\"https:\/\/www.astronotas.org\/messier\/?s={search_term_string}\"},\"query-input\":{\"@type\":\"PropertyValueSpecification\",\"valueRequired\":true,\"valueName\":\"search_term_string\"}}],\"inLanguage\":\"en-US\"}]}<\/script>\n<!-- \/ Yoast SEO plugin. -->","yoast_head_json":{"title":"Alfabeto griego - Cat\u00e1logo Messier","robots":{"index":"index","follow":"follow","max-snippet":"max-snippet:-1","max-image-preview":"max-image-preview:large","max-video-preview":"max-video-preview:-1"},"canonical":"https:\/\/www.astronotas.org\/messier\/listas\/alfabeto-griego\/","og_locale":"en_US","og_type":"article","og_title":"Alfabeto griego - Cat\u00e1logo Messier","og_description":"En astronom\u00eda, se utiliza el alfabeto\u00a0griego para nombrar las estrellas principales de una constelaci\u00f3n (junto con el genitivo del nombre de la constelaci\u00f3n en lat\u00edn). Esta pr\u00e1ctica fue iniciada por el astr\u00f3nomo alem\u00e1n Johann Bayer en su obra Uranometria de&hellip; Continue Reading &rarr;","og_url":"https:\/\/www.astronotas.org\/messier\/listas\/alfabeto-griego\/","og_site_name":"Cat\u00e1logo Messier","article_modified_time":"2016-01-13T19:53:43+00:00","twitter_card":"summary_large_image","schema":{"@context":"https:\/\/schema.org","@graph":[{"@type":"WebPage","@id":"https:\/\/www.astronotas.org\/messier\/listas\/alfabeto-griego\/","url":"https:\/\/www.astronotas.org\/messier\/listas\/alfabeto-griego\/","name":"Alfabeto griego - Cat\u00e1logo Messier","isPartOf":{"@id":"https:\/\/www.astronotas.org\/messier\/#website"},"datePublished":"2016-01-13T19:35:39+00:00","dateModified":"2016-01-13T19:53:43+00:00","breadcrumb":{"@id":"https:\/\/www.astronotas.org\/messier\/listas\/alfabeto-griego\/#breadcrumb"},"inLanguage":"en-US","potentialAction":[{"@type":"ReadAction","target":["https:\/\/www.astronotas.org\/messier\/listas\/alfabeto-griego\/"]}]},{"@type":"BreadcrumbList","@id":"https:\/\/www.astronotas.org\/messier\/listas\/alfabeto-griego\/#breadcrumb","itemListElement":[{"@type":"ListItem","position":1,"name":"Inicio","item":"https:\/\/www.astronotas.org\/messier\/"},{"@type":"ListItem","position":2,"name":"Listas","item":"https:\/\/www.astronotas.org\/messier\/listas\/"},{"@type":"ListItem","position":3,"name":"Alfabeto griego"}]},{"@type":"WebSite","@id":"https:\/\/www.astronotas.org\/messier\/#website","url":"https:\/\/www.astronotas.org\/messier\/","name":"Cat\u00e1logo Messier","description":"","potentialAction":[{"@type":"SearchAction","target":{"@type":"EntryPoint","urlTemplate":"https:\/\/www.astronotas.org\/messier\/?s={search_term_string}"},"query-input":{"@type":"PropertyValueSpecification","valueRequired":true,"valueName":"search_term_string"}}],"inLanguage":"en-US"}]}},"jetpack_sharing_enabled":true,"jetpack_shortlink":"https:\/\/wp.me\/P77x65-1h","_links":{"self":[{"href":"https:\/\/www.astronotas.org\/messier\/wp-json\/wp\/v2\/pages\/79","targetHints":{"allow":["GET"]}}],"collection":[{"href":"https:\/\/www.astronotas.org\/messier\/wp-json\/wp\/v2\/pages"}],"about":[{"href":"https:\/\/www.astronotas.org\/messier\/wp-json\/wp\/v2\/types\/page"}],"author":[{"embeddable":true,"href":"https:\/\/www.astronotas.org\/messier\/wp-json\/wp\/v2\/users\/1"}],"replies":[{"embeddable":true,"href":"https:\/\/www.astronotas.org\/messier\/wp-json\/wp\/v2\/comments?post=79"}],"version-history":[{"count":1,"href":"https:\/\/www.astronotas.org\/messier\/wp-json\/wp\/v2\/pages\/79\/revisions"}],"predecessor-version":[{"id":80,"href":"https:\/\/www.astronotas.org\/messier\/wp-json\/wp\/v2\/pages\/79\/revisions\/80"}],"up":[{"embeddable":true,"href":"https:\/\/www.astronotas.org\/messier\/wp-json\/wp\/v2\/pages\/62"}],"wp:attachment":[{"href":"https:\/\/www.astronotas.org\/messier\/wp-json\/wp\/v2\/media?parent=79"}],"curies":[{"name":"wp","href":"https:\/\/api.w.org\/{rel}","templated":true}]}}